{"id":8048,"date":"2022-12-14T12:55:37","date_gmt":"2022-12-14T11:55:37","guid":{"rendered":"https:\/\/www.agriplus.pl\/contact-for-media\/"},"modified":"2023-11-20T08:21:01","modified_gmt":"2023-11-20T07:21:01","slug":"contact-for-media","status":"publish","type":"page","link":"https:\/\/www.agriplus.pl\/en\/contact-for-media\/","title":{"rendered":"Contact for media"},"content":{"rendered":"\n<div class=\"wp-block-stackable-columns stk-block-columns stk-block stk-7dbbd9a\" data-block-id=\"7dbbd9a\"><div class=\"stk-row stk-inner-blocks stk-block-content stk-content-align stk-7dbbd9a-column\">\n<div class=\"wp-block-stackable-column stk-block-column stk-column stk-block stk-3c89cde\" data-v=\"4\" data-block-id=\"3c89cde\"><style>.stk-3c89cde-inner-blocks{justify-content:center !important}@media screen and (min-width:690px){.stk-3c89cde{flex:1 1 calc(13.8% - var(--stk-column-gap,0px) * 1 \/ 2 ) !important}}<\/style><div class=\"stk-column-wrapper stk-block-column__content stk-container stk-3c89cde-container stk--no-background stk--no-padding\"><div class=\"stk--column-flex stk-block-content stk-inner-blocks stk-3c89cde-inner-blocks\">\n<figure class=\"wp-block-image size-full is-resized\"><img decoding=\"async\" src=\"https:\/\/www.agriplus.pl\/wp-content\/uploads\/2023\/06\/mail.svg\" alt=\"\" class=\"wp-image-8063\" style=\"width:100px;height:100px\"\/><\/figure>\n<\/div><\/div><\/div>\n\n\n\n<div class=\"wp-block-stackable-column stk-block-column stk-column stk-block stk-6f1370e\" data-v=\"4\" data-block-id=\"6f1370e\"><style>.stk-6f1370e-inner-blocks{justify-content:center !important}@media screen and (min-width:690px){.stk-6f1370e{flex:1 1 calc(86.2% - var(--stk-column-gap,0px) * 1 \/ 2 ) !important}}<\/style><div class=\"stk-column-wrapper stk-block-column__content stk-container stk-6f1370e-container stk--no-background stk--no-padding\"><div class=\"stk--column-flex stk-block-content stk-inner-blocks stk-6f1370e-inner-blocks\">\n<p>E-mail address: <a href=\"mailto:PublicRelations@agriplus.pl\">PublicRelations@agriplus.pl<\/a><\/p>\n<\/div><\/div><\/div>\n<\/div><\/div>\n","protected":false},"excerpt":{"rendered":"<p>E-mail address: PublicRelations@agriplus.pl<\/p>\n","protected":false},"author":1,"featured_media":7994,"parent":0,"menu_order":2,"comment_status":"closed","ping_status":"closed","template":"","meta":{"_uag_custom_page_level_css":"","footnotes":""},"class_list":["post-8048","page","type-page","status-publish","has-post-thumbnail","hentry"],"blocksy_meta":{"styles_descriptor":{"styles":{"desktop":"[data-prefix=\"single_page\"] .entry-header .page-title {--theme-font-size:30px;} [data-prefix=\"single_page\"] .entry-header .entry-meta {--theme-font-weight:600;--theme-text-transform:uppercase;--theme-font-size:12px;--theme-line-height:1.3;} [data-prefix=\"single_page\"] .hero-section[data-type=\"type-1\"] {--margin-bottom:40;}","tablet":"","mobile":""},"google_fonts":[],"version":6},"page_title_panel":"","has_hero_section":"enabled","c972de42115c89dfe79adf721689d3d7":"","hero_section":"type-1","hero_elements":[{"id":"custom_title","enabled":true,"heading_tag":"h1","title":"Strona g\u0142\u00f3wna","__id":"57WEUYOQHad-nqDQy9k15"},{"id":"custom_description","enabled":false,"description_visibility":{"desktop":true,"tablet":true,"mobile":false},"__id":"GclphKr982u17XBa1w3AL"},{"id":"custom_meta","enabled":false,"meta_elements":[{"id":"author","enabled":true,"label":"Przez","has_author_avatar":"yes","avatar_size":25},{"id":"post_date","enabled":true,"label":"W\u0142\u0105cz","date_format_source":"default","date_format":"M j, Y"},{"id":"updated_date","enabled":false,"label":"W\u0142\u0105cz","date_format_source":"default","date_format":"M j, Y"},{"id":"categories","enabled":false,"label":"W","style":"simple"},{"id":"comments","enabled":true}],"page_meta_elements":{"joined":true,"articles_count":true,"comments":true},"__id":"Tqy3SXLp8H7LBuioQcy7X"},{"id":"breadcrumbs","enabled":false,"__id":"X0TJJvah4iAV-9fqts-yH"}],"a4b1c0fa2fec4bc747955a21682285a3":"","hero_alignment1":"CT_CSS_SKIP_RULE","hero_margin":40,"hero_alignment2":"center","hero_vertical_alignment":"center","525a7608e7ac8605550714e227e27d43":"","hero_structure":"narrow","97cd47745d145fb8115f5d13d64b8673":"","page_title_bg_type":"featured_image","custom_hero_background":{"attachment_id":null},"page_title_image_size":"full","parallax":{"desktop":false,"tablet":false,"mobile":false},"b62ffd557de24a63a95602a17ce9c091":"","hero_height":"250px","pageTitleFont":{"family":"Default","variation":"Default","size":"30px","line-height":"CT_CSS_SKIP_RULE","letter-spacing":"CT_CSS_SKIP_RULE","text-transform":"CT_CSS_SKIP_RULE","text-decoration":"CT_CSS_SKIP_RULE"},"pageTitleFontColor":{"default":{"color":"CT_CSS_SKIP_RULEDEFAULT"}},"pageMetaFont":{"family":"Default","variation":"n6","size":"12px","line-height":"1.3","letter-spacing":"CT_CSS_SKIP_RULE","text-transform":"uppercase","text-decoration":"CT_CSS_SKIP_RULE"},"pageMetaFontColor":{"default":{"color":"CT_CSS_SKIP_RULEDEFAULT"},"hover":{"color":"CT_CSS_SKIP_RULEDEFAULT"}},"page_meta_button_type_font_colors":{"default":{"color":"CT_CSS_SKIP_RULEDEFAULT"},"hover":{"color":"CT_CSS_SKIP_RULEDEFAULT"}},"page_meta_button_type_background_colors":{"default":{"color":"CT_CSS_SKIP_RULEDEFAULT"},"hover":{"color":"CT_CSS_SKIP_RULEDEFAULT"}},"pageExcerptFont":{"family":"Default","variation":"Default","size":"CT_CSS_SKIP_RULE","line-height":"CT_CSS_SKIP_RULE","letter-spacing":"CT_CSS_SKIP_RULE","text-transform":"CT_CSS_SKIP_RULE","text-decoration":"CT_CSS_SKIP_RULE"},"pageExcerptColor":{"default":{"color":"CT_CSS_SKIP_RULEDEFAULT"}},"breadcrumbsFont":{"family":"Default","variation":"Default","size":"CT_CSS_SKIP_RULE","line-height":"CT_CSS_SKIP_RULE","letter-spacing":"CT_CSS_SKIP_RULE","text-transform":"CT_CSS_SKIP_RULE","text-decoration":"CT_CSS_SKIP_RULE"},"breadcrumbsFontColor":{"default":{"color":"CT_CSS_SKIP_RULEDEFAULT"},"initial":{"color":"CT_CSS_SKIP_RULEDEFAULT"},"hover":{"color":"CT_CSS_SKIP_RULEDEFAULT"}},"pageTitleOverlay":{"background_type":"color","background_pattern":"type-1","background_image":{"attachment_id":null,"x":0,"y":0},"gradient":"linear-gradient(135deg,rgba(6,147,227,1) 0%,rgb(155,81,224) 100%)","background_repeat":"repeat","background_size":"auto","background_attachment":"scroll","patternColor":{"default":{"color":"#e5e7ea"}},"overlayColor":{"default":{"color":"CT_CSS_SKIP_RULE"}},"backgroundColor":{"default":{"color":"CT_CSS_SKIP_RULE"}}},"pageTitleBackground":{"background_type":"color","background_pattern":"type-1","background_image":{"attachment_id":null,"x":0,"y":0},"gradient":"linear-gradient(135deg,rgba(6,147,227,1) 0%,rgb(155,81,224) 100%)","background_repeat":"repeat","background_size":"auto","background_attachment":"scroll","patternColor":{"default":{"color":"#e5e7ea"}},"overlayColor":{"default":{"color":"CT_CSS_SKIP_RULE"}},"backgroundColor":{"default":{"color":"var(--theme-palette-color-6)"}}},"pageTitlePadding":{"top":"50px","bottom":"50px","left":"auto","right":"auto","linked":true},"e9162df01f683f1c54827a25ec161d69":"","page_structure_type":"default","8139a66c16477971d0c5ecc86732eac2":"","content_style_source":"inherit","content_style":"wide","vertical_spacing_source":"inherit","content_area_spacing":"both","background":{"background_type":"color","background_pattern":"type-1","background_image":{"attachment_id":null,"x":0,"y":0},"gradient":"linear-gradient(135deg,rgba(6,147,227,1) 0%,rgb(155,81,224) 100%)","background_repeat":"repeat","background_size":"auto","background_attachment":"scroll","patternColor":{"default":{"color":"#e5e7ea"}},"overlayColor":{"default":{"color":"CT_CSS_SKIP_RULE"}},"backgroundColor":{"default":{"color":"CT_CSS_SKIP_RULE"}}},"content_background":{"background_type":"color","background_pattern":"type-1","background_image":{"attachment_id":null,"x":0,"y":0},"gradient":"linear-gradient(135deg,rgba(6,147,227,1) 0%,rgb(155,81,224) 100%)","background_repeat":"repeat","background_size":"auto","background_attachment":"scroll","patternColor":{"default":{"color":"#e5e7ea"}},"overlayColor":{"default":{"color":"CT_CSS_SKIP_RULE"}},"backgroundColor":{"default":{"color":"var(--theme-palette-color-8)"}}},"content_boxed_shadow":{"inherit":false,"blur":18,"spread":-6,"v_offset":12,"h_offset":0,"inset":false,"enable":true,"color":{"color":"rgba(34, 56, 101, 0.04)"}},"content_boxed_border":{"width":1,"style":"none","color":{"color":"rgba(44,62,80,0.2)"}},"content_boxed_radius":{"top":"3px","bottom":"3px","left":"3px","right":"3px","linked":true},"boxed_content_spacing":{"desktop":{"top":"40px","bottom":"40px","left":"40px","right":"40px","linked":true},"tablet":{"top":"35px","bottom":"35px","left":"35px","right":"35px","linked":true},"mobile":{"top":"20px","bottom":"20px","left":"20px","right":"20px","linked":true}},"2d3467f18980ab9fbb2d2cca1f8e8f4d":"","disable_featured_image":"no","disable_share_box":"no","disable_header":"no","disable_footer":"no"},"yoast_head":"<!-- This site is optimized with the Yoast SEO plugin v27.5 - https:\/\/yoast.com\/product\/yoast-seo-wordpress\/ -->\n<title>Contact for media - Agri Plus<\/title>\n<meta name=\"robots\" content=\"index, follow, max-snippet:-1, max-image-preview:large, max-video-preview:-1\" \/>\n<link rel=\"canonical\" href=\"https:\/\/www.agriplus.pl\/en\/contact-for-media\/\" \/>\n<meta property=\"og:locale\" content=\"en_US\" \/>\n<meta property=\"og:type\" content=\"article\" \/>\n<meta property=\"og:title\" content=\"Contact for media - Agri Plus\" \/>\n<meta property=\"og:description\" content=\"E-mail address: PublicRelations@agriplus.pl\" \/>\n<meta property=\"og:url\" content=\"https:\/\/www.agriplus.pl\/en\/contact-for-media\/\" \/>\n<meta property=\"og:site_name\" content=\"Agri Plus\" \/>\n<meta property=\"article:modified_time\" content=\"2023-11-20T07:21:01+00:00\" \/>\n<meta property=\"og:image\" content=\"https:\/\/www.agriplus.pl\/wp-content\/uploads\/2023\/01\/PR.jpg\" \/>\n\t<meta property=\"og:image:width\" content=\"1500\" \/>\n\t<meta property=\"og:image:height\" content=\"500\" \/>\n\t<meta property=\"og:image:type\" content=\"image\/jpeg\" \/>\n<meta name=\"twitter:card\" content=\"summary_large_image\" \/>\n<script type=\"application\/ld+json\" class=\"yoast-schema-graph\">{\"@context\":\"https:\\\/\\\/schema.org\",\"@graph\":[{\"@type\":\"WebPage\",\"@id\":\"https:\\\/\\\/www.agriplus.pl\\\/en\\\/contact-for-media\\\/\",\"url\":\"https:\\\/\\\/www.agriplus.pl\\\/en\\\/contact-for-media\\\/\",\"name\":\"Contact for media - Agri Plus\",\"isPartOf\":{\"@id\":\"https:\\\/\\\/www.agriplus.pl\\\/#website\"},\"primaryImageOfPage\":{\"@id\":\"https:\\\/\\\/www.agriplus.pl\\\/en\\\/contact-for-media\\\/#primaryimage\"},\"image\":{\"@id\":\"https:\\\/\\\/www.agriplus.pl\\\/en\\\/contact-for-media\\\/#primaryimage\"},\"thumbnailUrl\":\"https:\\\/\\\/www.agriplus.pl\\\/wp-content\\\/uploads\\\/2023\\\/01\\\/PR.jpg\",\"datePublished\":\"2022-12-14T11:55:37+00:00\",\"dateModified\":\"2023-11-20T07:21:01+00:00\",\"breadcrumb\":{\"@id\":\"https:\\\/\\\/www.agriplus.pl\\\/en\\\/contact-for-media\\\/#breadcrumb\"},\"inLanguage\":\"en-US\",\"potentialAction\":[{\"@type\":\"ReadAction\",\"target\":[\"https:\\\/\\\/www.agriplus.pl\\\/en\\\/contact-for-media\\\/\"]}]},{\"@type\":\"ImageObject\",\"inLanguage\":\"en-US\",\"@id\":\"https:\\\/\\\/www.agriplus.pl\\\/en\\\/contact-for-media\\\/#primaryimage\",\"url\":\"https:\\\/\\\/www.agriplus.pl\\\/wp-content\\\/uploads\\\/2023\\\/01\\\/PR.jpg\",\"contentUrl\":\"https:\\\/\\\/www.agriplus.pl\\\/wp-content\\\/uploads\\\/2023\\\/01\\\/PR.jpg\",\"width\":1500,\"height\":500},{\"@type\":\"BreadcrumbList\",\"@id\":\"https:\\\/\\\/www.agriplus.pl\\\/en\\\/contact-for-media\\\/#breadcrumb\",\"itemListElement\":[{\"@type\":\"ListItem\",\"position\":1,\"name\":\"Main page\",\"item\":\"https:\\\/\\\/www.agriplus.pl\\\/en\\\/\"},{\"@type\":\"ListItem\",\"position\":2,\"name\":\"Contact for media\"}]},{\"@type\":\"WebSite\",\"@id\":\"https:\\\/\\\/www.agriplus.pl\\\/#website\",\"url\":\"https:\\\/\\\/www.agriplus.pl\\\/\",\"name\":\"Agri Plus\",\"description\":\"\",\"publisher\":{\"@id\":\"https:\\\/\\\/www.agriplus.pl\\\/#organization\"},\"potentialAction\":[{\"@type\":\"SearchAction\",\"target\":{\"@type\":\"EntryPoint\",\"urlTemplate\":\"https:\\\/\\\/www.agriplus.pl\\\/?s={search_term_string}\"},\"query-input\":{\"@type\":\"PropertyValueSpecification\",\"valueRequired\":true,\"valueName\":\"search_term_string\"}}],\"inLanguage\":\"en-US\"},{\"@type\":\"Organization\",\"@id\":\"https:\\\/\\\/www.agriplus.pl\\\/#organization\",\"name\":\"Agri Plus\",\"url\":\"https:\\\/\\\/www.agriplus.pl\\\/\",\"logo\":{\"@type\":\"ImageObject\",\"inLanguage\":\"en-US\",\"@id\":\"https:\\\/\\\/www.agriplus.pl\\\/#\\\/schema\\\/logo\\\/image\\\/\",\"url\":\"https:\\\/\\\/www.agriplus.pl\\\/wp-content\\\/uploads\\\/2023\\\/01\\\/AgriPlus.webp\",\"contentUrl\":\"https:\\\/\\\/www.agriplus.pl\\\/wp-content\\\/uploads\\\/2023\\\/01\\\/AgriPlus.webp\",\"width\":300,\"height\":135,\"caption\":\"Agri Plus\"},\"image\":{\"@id\":\"https:\\\/\\\/www.agriplus.pl\\\/#\\\/schema\\\/logo\\\/image\\\/\"}}]}<\/script>\n<!-- \/ Yoast SEO plugin. -->","yoast_head_json":{"title":"Contact for media - Agri Plus","robots":{"index":"index","follow":"follow","max-snippet":"max-snippet:-1","max-image-preview":"max-image-preview:large","max-video-preview":"max-video-preview:-1"},"canonical":"https:\/\/www.agriplus.pl\/en\/contact-for-media\/","og_locale":"en_US","og_type":"article","og_title":"Contact for media - Agri Plus","og_description":"E-mail address: PublicRelations@agriplus.pl","og_url":"https:\/\/www.agriplus.pl\/en\/contact-for-media\/","og_site_name":"Agri Plus","article_modified_time":"2023-11-20T07:21:01+00:00","og_image":[{"width":1500,"height":500,"url":"https:\/\/www.agriplus.pl\/wp-content\/uploads\/2023\/01\/PR.jpg","type":"image\/jpeg"}],"twitter_card":"summary_large_image","schema":{"@context":"https:\/\/schema.org","@graph":[{"@type":"WebPage","@id":"https:\/\/www.agriplus.pl\/en\/contact-for-media\/","url":"https:\/\/www.agriplus.pl\/en\/contact-for-media\/","name":"Contact for media - Agri Plus","isPartOf":{"@id":"https:\/\/www.agriplus.pl\/#website"},"primaryImageOfPage":{"@id":"https:\/\/www.agriplus.pl\/en\/contact-for-media\/#primaryimage"},"image":{"@id":"https:\/\/www.agriplus.pl\/en\/contact-for-media\/#primaryimage"},"thumbnailUrl":"https:\/\/www.agriplus.pl\/wp-content\/uploads\/2023\/01\/PR.jpg","datePublished":"2022-12-14T11:55:37+00:00","dateModified":"2023-11-20T07:21:01+00:00","breadcrumb":{"@id":"https:\/\/www.agriplus.pl\/en\/contact-for-media\/#breadcrumb"},"inLanguage":"en-US","potentialAction":[{"@type":"ReadAction","target":["https:\/\/www.agriplus.pl\/en\/contact-for-media\/"]}]},{"@type":"ImageObject","inLanguage":"en-US","@id":"https:\/\/www.agriplus.pl\/en\/contact-for-media\/#primaryimage","url":"https:\/\/www.agriplus.pl\/wp-content\/uploads\/2023\/01\/PR.jpg","contentUrl":"https:\/\/www.agriplus.pl\/wp-content\/uploads\/2023\/01\/PR.jpg","width":1500,"height":500},{"@type":"BreadcrumbList","@id":"https:\/\/www.agriplus.pl\/en\/contact-for-media\/#breadcrumb","itemListElement":[{"@type":"ListItem","position":1,"name":"Main page","item":"https:\/\/www.agriplus.pl\/en\/"},{"@type":"ListItem","position":2,"name":"Contact for media"}]},{"@type":"WebSite","@id":"https:\/\/www.agriplus.pl\/#website","url":"https:\/\/www.agriplus.pl\/","name":"Agri Plus","description":"","publisher":{"@id":"https:\/\/www.agriplus.pl\/#organization"},"potentialAction":[{"@type":"SearchAction","target":{"@type":"EntryPoint","urlTemplate":"https:\/\/www.agriplus.pl\/?s={search_term_string}"},"query-input":{"@type":"PropertyValueSpecification","valueRequired":true,"valueName":"search_term_string"}}],"inLanguage":"en-US"},{"@type":"Organization","@id":"https:\/\/www.agriplus.pl\/#organization","name":"Agri Plus","url":"https:\/\/www.agriplus.pl\/","logo":{"@type":"ImageObject","inLanguage":"en-US","@id":"https:\/\/www.agriplus.pl\/#\/schema\/logo\/image\/","url":"https:\/\/www.agriplus.pl\/wp-content\/uploads\/2023\/01\/AgriPlus.webp","contentUrl":"https:\/\/www.agriplus.pl\/wp-content\/uploads\/2023\/01\/AgriPlus.webp","width":300,"height":135,"caption":"Agri Plus"},"image":{"@id":"https:\/\/www.agriplus.pl\/#\/schema\/logo\/image\/"}}]}},"uagb_featured_image_src":{"full":["https:\/\/www.agriplus.pl\/wp-content\/uploads\/2023\/01\/PR.jpg",1500,500,false],"thumbnail":["https:\/\/www.agriplus.pl\/wp-content\/uploads\/2023\/01\/PR-150x150.jpg",150,150,true],"medium":["https:\/\/www.agriplus.pl\/wp-content\/uploads\/2023\/01\/PR-300x100.jpg",300,100,true],"medium_large":["https:\/\/www.agriplus.pl\/wp-content\/uploads\/2023\/01\/PR-768x256.jpg",768,256,true],"large":["https:\/\/www.agriplus.pl\/wp-content\/uploads\/2023\/01\/PR-1024x341.jpg",1024,341,true],"1536x1536":["https:\/\/www.agriplus.pl\/wp-content\/uploads\/2023\/01\/PR.jpg",1500,500,false],"2048x2048":["https:\/\/www.agriplus.pl\/wp-content\/uploads\/2023\/01\/PR.jpg",1500,500,false]},"uagb_author_info":{"display_name":"\u0141ukasz","author_link":"https:\/\/www.agriplus.pl\/en\/author\/lsnopek\/"},"uagb_comment_info":0,"uagb_excerpt":"E-mail address: PublicRelations@agriplus.pl","_links":{"self":[{"href":"https:\/\/www.agriplus.pl\/en\/wp-json\/wp\/v2\/pages\/8048","targetHints":{"allow":["GET"]}}],"collection":[{"href":"https:\/\/www.agriplus.pl\/en\/wp-json\/wp\/v2\/pages"}],"about":[{"href":"https:\/\/www.agriplus.pl\/en\/wp-json\/wp\/v2\/types\/page"}],"author":[{"embeddable":true,"href":"https:\/\/www.agriplus.pl\/en\/wp-json\/wp\/v2\/users\/1"}],"replies":[{"embeddable":true,"href":"https:\/\/www.agriplus.pl\/en\/wp-json\/wp\/v2\/comments?post=8048"}],"version-history":[{"count":13,"href":"https:\/\/www.agriplus.pl\/en\/wp-json\/wp\/v2\/pages\/8048\/revisions"}],"predecessor-version":[{"id":8710,"href":"https:\/\/www.agriplus.pl\/en\/wp-json\/wp\/v2\/pages\/8048\/revisions\/8710"}],"wp:featuredmedia":[{"embeddable":true,"href":"https:\/\/www.agriplus.pl\/en\/wp-json\/wp\/v2\/media\/7994"}],"wp:attachment":[{"href":"https:\/\/www.agriplus.pl\/en\/wp-json\/wp\/v2\/media?parent=8048"}],"curies":[{"name":"wp","href":"https:\/\/api.w.org\/{rel}","templated":true}]}}