{"id":8118,"date":"2019-10-22T08:50:06","date_gmt":"2019-10-22T06:50:06","guid":{"rendered":"https:\/\/www.agriplus.pl\/general-rules\/"},"modified":"2023-11-20T08:46:00","modified_gmt":"2023-11-20T07:46:00","slug":"general-rules","status":"publish","type":"page","link":"https:\/\/www.agriplus.pl\/en\/feed-production-2\/general-rules\/","title":{"rendered":"General rules"},"content":{"rendered":"\n<h2 class=\"wp-block-heading\">General rules<\/h2>\n\n<p><strong>The quality of purchased cereals is of primary importance to us. The result of the fattening and ultimately the company depends on the raw material that goes into the feed. Therefore, in the autumn of 2013, we introduced significant changes in our approach to the quality of grains we receive.  <\/strong><\/p>\n\n<p> In each location there are people responsible for assessing the parameters of the raw material that reaches the plant. Our facilities have first-class accuracy analyzers and samples are taken with <strong>automatic Rakoraf samplers<\/strong>. In order to seal the system, we decided to suspend the functioning of the deduction table. Every means of transport is analyzed, even if we collect the goods from the indicated location.   <\/p>\n\n<p>In order to eliminate quality problems in the goods that we collect from your warehouses with our transport, our employee will appear in the warehouse before the start, who collects representative samples and transfers them to the plant to which the goods will be delivered. After receiving the results of the laboratory analysis, he will contact you. If the result is positive, we will sign a contract and start acceptance, if it is necessary to carry out treatments to bring the grain to acceptable quality, we will also provide such information. In the absence of a transaction, such analysis costs you nothing, and its advantage is that we gain certainty as to the parameters of the purchased raw material.<\/p>\n\n<p>W sprawie sprzeda\u017cy prosimy o kontakt z pracownikami dzia\u0142u surowcowego. Namiary na nich znajdziecie Pa\u0144stwo\u00a0<strong><a href=\"https:\/\/www.agriplus.pl\/produkcja-pasz\/skup-zboz\/\" target=\"_blank\" rel=\"noopener\" data-wplink-url-error=\"true\">tutaj<\/a><\/strong>.<\/p>\n","protected":false},"excerpt":{"rendered":"<p>General rules The quality of purchased cereals is of primary importance to us. The result of the fattening and ultimately the company depends on the raw material that goes into the feed. Therefore, in the autumn of 2013, we introduced significant changes in our approach to the quality of grains we receive. In each location [&hellip;]<\/p>\n","protected":false},"author":1,"featured_media":7941,"parent":8281,"menu_order":2,"comment_status":"closed","ping_status":"open","template":"","meta":{"_uag_custom_page_level_css":"","footnotes":""},"class_list":["post-8118","page","type-page","status-publish","has-post-thumbnail","hentry"],"blocksy_meta":{"styles_descriptor":{"styles":{"desktop":"","tablet":"","mobile":""},"google_fonts":[],"version":6}},"yoast_head":"<!-- This site is optimized with the Yoast SEO plugin v27.5 - https:\/\/yoast.com\/product\/yoast-seo-wordpress\/ -->\n<title>General rules - Agri Plus<\/title>\n<meta name=\"robots\" content=\"index, follow, max-snippet:-1, max-image-preview:large, max-video-preview:-1\" \/>\n<link rel=\"canonical\" href=\"https:\/\/www.agriplus.pl\/en\/feed-production-2\/general-rules\/\" \/>\n<meta property=\"og:locale\" content=\"en_US\" \/>\n<meta property=\"og:type\" content=\"article\" \/>\n<meta property=\"og:title\" content=\"General rules - Agri Plus\" \/>\n<meta property=\"og:description\" content=\"General rules The quality of purchased cereals is of primary importance to us. The result of the fattening and ultimately the company depends on the raw material that goes into the feed. Therefore, in the autumn of 2013, we introduced significant changes in our approach to the quality of grains we receive. In each location [&hellip;]\" \/>\n<meta property=\"og:url\" content=\"https:\/\/www.agriplus.pl\/en\/feed-production-2\/general-rules\/\" \/>\n<meta property=\"og:site_name\" content=\"Agri Plus\" \/>\n<meta property=\"article:modified_time\" content=\"2023-11-20T07:46:00+00:00\" \/>\n<meta property=\"og:image\" content=\"https:\/\/www.agriplus.pl\/wp-content\/uploads\/2022\/11\/ProdukcjaPasz.jpg\" \/>\n\t<meta property=\"og:image:width\" content=\"1600\" \/>\n\t<meta property=\"og:image:height\" content=\"577\" \/>\n\t<meta property=\"og:image:type\" content=\"image\/jpeg\" \/>\n<meta name=\"twitter:card\" content=\"summary_large_image\" \/>\n<meta name=\"twitter:label1\" content=\"Est. reading time\" \/>\n\t<meta name=\"twitter:data1\" content=\"1 minute\" \/>\n<script type=\"application\/ld+json\" class=\"yoast-schema-graph\">{\"@context\":\"https:\\\/\\\/schema.org\",\"@graph\":[{\"@type\":\"WebPage\",\"@id\":\"https:\\\/\\\/www.agriplus.pl\\\/en\\\/feed-production-2\\\/general-rules\\\/\",\"url\":\"https:\\\/\\\/www.agriplus.pl\\\/en\\\/feed-production-2\\\/general-rules\\\/\",\"name\":\"General rules - Agri Plus\",\"isPartOf\":{\"@id\":\"https:\\\/\\\/www.agriplus.pl\\\/#website\"},\"primaryImageOfPage\":{\"@id\":\"https:\\\/\\\/www.agriplus.pl\\\/en\\\/feed-production-2\\\/general-rules\\\/#primaryimage\"},\"image\":{\"@id\":\"https:\\\/\\\/www.agriplus.pl\\\/en\\\/feed-production-2\\\/general-rules\\\/#primaryimage\"},\"thumbnailUrl\":\"https:\\\/\\\/www.agriplus.pl\\\/wp-content\\\/uploads\\\/2022\\\/11\\\/ProdukcjaPasz.jpg\",\"datePublished\":\"2019-10-22T06:50:06+00:00\",\"dateModified\":\"2023-11-20T07:46:00+00:00\",\"breadcrumb\":{\"@id\":\"https:\\\/\\\/www.agriplus.pl\\\/en\\\/feed-production-2\\\/general-rules\\\/#breadcrumb\"},\"inLanguage\":\"en-US\",\"potentialAction\":[{\"@type\":\"ReadAction\",\"target\":[\"https:\\\/\\\/www.agriplus.pl\\\/en\\\/feed-production-2\\\/general-rules\\\/\"]}]},{\"@type\":\"ImageObject\",\"inLanguage\":\"en-US\",\"@id\":\"https:\\\/\\\/www.agriplus.pl\\\/en\\\/feed-production-2\\\/general-rules\\\/#primaryimage\",\"url\":\"https:\\\/\\\/www.agriplus.pl\\\/wp-content\\\/uploads\\\/2022\\\/11\\\/ProdukcjaPasz.jpg\",\"contentUrl\":\"https:\\\/\\\/www.agriplus.pl\\\/wp-content\\\/uploads\\\/2022\\\/11\\\/ProdukcjaPasz.jpg\",\"width\":1600,\"height\":577},{\"@type\":\"BreadcrumbList\",\"@id\":\"https:\\\/\\\/www.agriplus.pl\\\/en\\\/feed-production-2\\\/general-rules\\\/#breadcrumb\",\"itemListElement\":[{\"@type\":\"ListItem\",\"position\":1,\"name\":\"Main page\",\"item\":\"https:\\\/\\\/www.agriplus.pl\\\/en\\\/\"},{\"@type\":\"ListItem\",\"position\":2,\"name\":\"Feed production\",\"item\":\"https:\\\/\\\/www.agriplus.pl\\\/en\\\/feed-production-2\\\/\"},{\"@type\":\"ListItem\",\"position\":3,\"name\":\"General rules\"}]},{\"@type\":\"WebSite\",\"@id\":\"https:\\\/\\\/www.agriplus.pl\\\/#website\",\"url\":\"https:\\\/\\\/www.agriplus.pl\\\/\",\"name\":\"Agri Plus\",\"description\":\"\",\"publisher\":{\"@id\":\"https:\\\/\\\/www.agriplus.pl\\\/#organization\"},\"potentialAction\":[{\"@type\":\"SearchAction\",\"target\":{\"@type\":\"EntryPoint\",\"urlTemplate\":\"https:\\\/\\\/www.agriplus.pl\\\/?s={search_term_string}\"},\"query-input\":{\"@type\":\"PropertyValueSpecification\",\"valueRequired\":true,\"valueName\":\"search_term_string\"}}],\"inLanguage\":\"en-US\"},{\"@type\":\"Organization\",\"@id\":\"https:\\\/\\\/www.agriplus.pl\\\/#organization\",\"name\":\"Agri Plus\",\"url\":\"https:\\\/\\\/www.agriplus.pl\\\/\",\"logo\":{\"@type\":\"ImageObject\",\"inLanguage\":\"en-US\",\"@id\":\"https:\\\/\\\/www.agriplus.pl\\\/#\\\/schema\\\/logo\\\/image\\\/\",\"url\":\"https:\\\/\\\/www.agriplus.pl\\\/wp-content\\\/uploads\\\/2023\\\/01\\\/AgriPlus.webp\",\"contentUrl\":\"https:\\\/\\\/www.agriplus.pl\\\/wp-content\\\/uploads\\\/2023\\\/01\\\/AgriPlus.webp\",\"width\":300,\"height\":135,\"caption\":\"Agri Plus\"},\"image\":{\"@id\":\"https:\\\/\\\/www.agriplus.pl\\\/#\\\/schema\\\/logo\\\/image\\\/\"}}]}<\/script>\n<!-- \/ Yoast SEO plugin. -->","yoast_head_json":{"title":"General rules - Agri Plus","robots":{"index":"index","follow":"follow","max-snippet":"max-snippet:-1","max-image-preview":"max-image-preview:large","max-video-preview":"max-video-preview:-1"},"canonical":"https:\/\/www.agriplus.pl\/en\/feed-production-2\/general-rules\/","og_locale":"en_US","og_type":"article","og_title":"General rules - Agri Plus","og_description":"General rules The quality of purchased cereals is of primary importance to us. The result of the fattening and ultimately the company depends on the raw material that goes into the feed. Therefore, in the autumn of 2013, we introduced significant changes in our approach to the quality of grains we receive. In each location [&hellip;]","og_url":"https:\/\/www.agriplus.pl\/en\/feed-production-2\/general-rules\/","og_site_name":"Agri Plus","article_modified_time":"2023-11-20T07:46:00+00:00","og_image":[{"width":1600,"height":577,"url":"https:\/\/www.agriplus.pl\/wp-content\/uploads\/2022\/11\/ProdukcjaPasz.jpg","type":"image\/jpeg"}],"twitter_card":"summary_large_image","twitter_misc":{"Est. reading time":"1 minute"},"schema":{"@context":"https:\/\/schema.org","@graph":[{"@type":"WebPage","@id":"https:\/\/www.agriplus.pl\/en\/feed-production-2\/general-rules\/","url":"https:\/\/www.agriplus.pl\/en\/feed-production-2\/general-rules\/","name":"General rules - Agri Plus","isPartOf":{"@id":"https:\/\/www.agriplus.pl\/#website"},"primaryImageOfPage":{"@id":"https:\/\/www.agriplus.pl\/en\/feed-production-2\/general-rules\/#primaryimage"},"image":{"@id":"https:\/\/www.agriplus.pl\/en\/feed-production-2\/general-rules\/#primaryimage"},"thumbnailUrl":"https:\/\/www.agriplus.pl\/wp-content\/uploads\/2022\/11\/ProdukcjaPasz.jpg","datePublished":"2019-10-22T06:50:06+00:00","dateModified":"2023-11-20T07:46:00+00:00","breadcrumb":{"@id":"https:\/\/www.agriplus.pl\/en\/feed-production-2\/general-rules\/#breadcrumb"},"inLanguage":"en-US","potentialAction":[{"@type":"ReadAction","target":["https:\/\/www.agriplus.pl\/en\/feed-production-2\/general-rules\/"]}]},{"@type":"ImageObject","inLanguage":"en-US","@id":"https:\/\/www.agriplus.pl\/en\/feed-production-2\/general-rules\/#primaryimage","url":"https:\/\/www.agriplus.pl\/wp-content\/uploads\/2022\/11\/ProdukcjaPasz.jpg","contentUrl":"https:\/\/www.agriplus.pl\/wp-content\/uploads\/2022\/11\/ProdukcjaPasz.jpg","width":1600,"height":577},{"@type":"BreadcrumbList","@id":"https:\/\/www.agriplus.pl\/en\/feed-production-2\/general-rules\/#breadcrumb","itemListElement":[{"@type":"ListItem","position":1,"name":"Main page","item":"https:\/\/www.agriplus.pl\/en\/"},{"@type":"ListItem","position":2,"name":"Feed production","item":"https:\/\/www.agriplus.pl\/en\/feed-production-2\/"},{"@type":"ListItem","position":3,"name":"General rules"}]},{"@type":"WebSite","@id":"https:\/\/www.agriplus.pl\/#website","url":"https:\/\/www.agriplus.pl\/","name":"Agri Plus","description":"","publisher":{"@id":"https:\/\/www.agriplus.pl\/#organization"},"potentialAction":[{"@type":"SearchAction","target":{"@type":"EntryPoint","urlTemplate":"https:\/\/www.agriplus.pl\/?s={search_term_string}"},"query-input":{"@type":"PropertyValueSpecification","valueRequired":true,"valueName":"search_term_string"}}],"inLanguage":"en-US"},{"@type":"Organization","@id":"https:\/\/www.agriplus.pl\/#organization","name":"Agri Plus","url":"https:\/\/www.agriplus.pl\/","logo":{"@type":"ImageObject","inLanguage":"en-US","@id":"https:\/\/www.agriplus.pl\/#\/schema\/logo\/image\/","url":"https:\/\/www.agriplus.pl\/wp-content\/uploads\/2023\/01\/AgriPlus.webp","contentUrl":"https:\/\/www.agriplus.pl\/wp-content\/uploads\/2023\/01\/AgriPlus.webp","width":300,"height":135,"caption":"Agri Plus"},"image":{"@id":"https:\/\/www.agriplus.pl\/#\/schema\/logo\/image\/"}}]}},"uagb_featured_image_src":{"full":["https:\/\/www.agriplus.pl\/wp-content\/uploads\/2022\/11\/ProdukcjaPasz.jpg",1600,577,false],"thumbnail":["https:\/\/www.agriplus.pl\/wp-content\/uploads\/2022\/11\/ProdukcjaPasz-150x150.jpg",150,150,true],"medium":["https:\/\/www.agriplus.pl\/wp-content\/uploads\/2022\/11\/ProdukcjaPasz-300x108.jpg",300,108,true],"medium_large":["https:\/\/www.agriplus.pl\/wp-content\/uploads\/2022\/11\/ProdukcjaPasz-768x277.jpg",768,277,true],"large":["https:\/\/www.agriplus.pl\/wp-content\/uploads\/2022\/11\/ProdukcjaPasz-1024x369.jpg",1024,369,true],"1536x1536":["https:\/\/www.agriplus.pl\/wp-content\/uploads\/2022\/11\/ProdukcjaPasz-1536x554.jpg",1536,554,true],"2048x2048":["https:\/\/www.agriplus.pl\/wp-content\/uploads\/2022\/11\/ProdukcjaPasz.jpg",1600,577,false]},"uagb_author_info":{"display_name":"\u0141ukasz","author_link":"https:\/\/www.agriplus.pl\/en\/author\/lsnopek\/"},"uagb_comment_info":0,"uagb_excerpt":"General rules The quality of purchased cereals is of primary importance to us. The result of the fattening and ultimately the company depends on the raw material that goes into the feed. Therefore, in the autumn of 2013, we introduced significant changes in our approach to the quality of grains we receive. In each location&hellip;","_links":{"self":[{"href":"https:\/\/www.agriplus.pl\/en\/wp-json\/wp\/v2\/pages\/8118","targetHints":{"allow":["GET"]}}],"collection":[{"href":"https:\/\/www.agriplus.pl\/en\/wp-json\/wp\/v2\/pages"}],"about":[{"href":"https:\/\/www.agriplus.pl\/en\/wp-json\/wp\/v2\/types\/page"}],"author":[{"embeddable":true,"href":"https:\/\/www.agriplus.pl\/en\/wp-json\/wp\/v2\/users\/1"}],"replies":[{"embeddable":true,"href":"https:\/\/www.agriplus.pl\/en\/wp-json\/wp\/v2\/comments?post=8118"}],"version-history":[{"count":2,"href":"https:\/\/www.agriplus.pl\/en\/wp-json\/wp\/v2\/pages\/8118\/revisions"}],"predecessor-version":[{"id":8737,"href":"https:\/\/www.agriplus.pl\/en\/wp-json\/wp\/v2\/pages\/8118\/revisions\/8737"}],"up":[{"embeddable":true,"href":"https:\/\/www.agriplus.pl\/en\/wp-json\/wp\/v2\/pages\/8281"}],"wp:featuredmedia":[{"embeddable":true,"href":"https:\/\/www.agriplus.pl\/en\/wp-json\/wp\/v2\/media\/7941"}],"wp:attachment":[{"href":"https:\/\/www.agriplus.pl\/en\/wp-json\/wp\/v2\/media?parent=8118"}],"curies":[{"name":"wp","href":"https:\/\/api.w.org\/{rel}","templated":true}]}}