{"id":8208,"date":"2014-11-03T07:42:54","date_gmt":"2014-11-03T06:42:54","guid":{"rendered":"https:\/\/www.agriplus.pl\/ketrzyn\/"},"modified":"2023-11-20T08:44:47","modified_gmt":"2023-11-20T07:44:47","slug":"ketrzyn","status":"publish","type":"page","link":"https:\/\/www.agriplus.pl\/en\/feed-production-2\/ketrzyn\/","title":{"rendered":"K\u0119trzyn"},"content":{"rendered":"\n<p>The factory is equipped with a professional laboratory for assessing the quality of the received goods. It has a grain quality analyzer of the 1st accuracy class. Samples are collected using an automatic Rakoraf sampler.<\/p>\n\n<div class=\"wp-block-stackable-columns stk-block-columns stk-block stk-1c82fa1\" data-block-id=\"1c82fa1\"><style>.stk-1c82fa1{margin-bottom:15px !important}<\/style><div class=\"stk-row stk-inner-blocks stk-block-content stk-content-align stk-1c82fa1-column\">\n<div class=\"wp-block-stackable-column stk-block-column stk-column stk-block stk-0992e9a\" data-v=\"4\" data-block-id=\"0992e9a\"><style>@media screen and (min-width:690px){.stk-0992e9a{flex:1 1 calc(15% - var(--stk-column-gap,0px) * 1 \/ 2 ) !important}}<\/style><div class=\"stk-column-wrapper stk-block-column__content stk-container stk-0992e9a-container stk--no-background stk--no-padding\"><div class=\"stk-block-content stk-inner-blocks stk-0992e9a-inner-blocks\">\n<figure class=\"wp-block-image size-full is-resized\"><img loading=\"lazy\" decoding=\"async\" src=\"https:\/\/www.agriplus.pl\/wp-content\/uploads\/2023\/06\/person.svg\" alt=\"\" class=\"wp-image-8065\" width=\"100\" height=\"100\"\/><\/figure>\n<\/div><\/div><\/div>\n\n\n\n<div class=\"wp-block-stackable-column stk-block-column stk-column stk-block stk-689b5de\" data-v=\"4\" data-block-id=\"689b5de\"><style>@media screen and (min-width:690px){.stk-689b5de{flex:1 1 calc(85% - var(--stk-column-gap,0px) * 1 \/ 2 ) !important}}<\/style><div class=\"stk-column-wrapper stk-block-column__content stk-container stk-689b5de-container stk--no-background stk--no-padding\"><div class=\"stk-block-content stk-inner-blocks stk-689b5de-inner-blocks\">\n<p>Production manager:<br\/>Waldemar Dragun,<br\/>phone <a href=\"tel:+48668153537\">668 153 537<\/a><br\/>mail: <a href=\"mailto:Waldemar.Dragun@agriplus.pl\">Waldemar.Dragun@agriplus.pl<\/a><\/p>\n<\/div><\/div><\/div>\n<\/div><\/div>\n\n<p>Please agree the grain delivery schedule with the buyer in advance<\/p>\n\n<div class=\"wp-block-stackable-columns stk-block-columns stk-block stk-badfcf2\" data-block-id=\"badfcf2\"><style>.stk-badfcf2{margin-bottom:15px !important}<\/style><div class=\"stk-row stk-inner-blocks stk-block-content stk-content-align stk-badfcf2-column\">\n<div class=\"wp-block-stackable-column stk-block-column stk-column stk-block stk-5b6f99d\" data-v=\"4\" data-block-id=\"5b6f99d\"><style>@media screen and (min-width:690px){.stk-5b6f99d{flex:1 1 calc(15% - var(--stk-column-gap,0px) * 1 \/ 2 ) !important}}<\/style><div class=\"stk-column-wrapper stk-block-column__content stk-container stk-5b6f99d-container stk--no-background stk--no-padding\"><div class=\"stk-block-content stk-inner-blocks stk-5b6f99d-inner-blocks\">\n<figure class=\"wp-block-image size-full is-resized\"><img loading=\"lazy\" decoding=\"async\" src=\"https:\/\/www.agriplus.pl\/wp-content\/uploads\/2023\/06\/person.svg\" alt=\"\" class=\"wp-image-8065\" width=\"100\" height=\"100\"\/><\/figure>\n<\/div><\/div><\/div>\n\n\n\n<div class=\"wp-block-stackable-column stk-block-column stk-column stk-block stk-eb27f3b\" data-v=\"4\" data-block-id=\"eb27f3b\"><style>@media screen and (min-width:690px){.stk-eb27f3b{flex:1 1 calc(85% - var(--stk-column-gap,0px) * 1 \/ 2 ) !important}}<\/style><div class=\"stk-column-wrapper stk-block-column__content stk-container stk-eb27f3b-container stk--no-background stk--no-padding\"><div class=\"stk-block-content stk-inner-blocks stk-eb27f3b-inner-blocks\">\n<p>Anna Bi\u0142as<br\/>phone <a href=\"tel:+48602108075\">602-108-075<\/a><br\/>mail: <a href=\"mailto:Anna.Bi%C5%82as@agriplus.pl\">Anna.Bi\u0142as@agriplus.pl<\/a><\/p>\n<\/div><\/div><\/div>\n<\/div><\/div>\n\n<p>The warehouse in K\u0119trzyn is open from 6:00 to 19:00. Please be advised that we accept protein raw materials and cereals in blocks:<\/p>\n\n<ul class=\"wp-block-list\">\n<li>Monday, Wednesday, Thursday, Friday 6:00 &#8211; 11:00 high-protein raw materials are accepted.<\/li>\n\n\n\n<li>Other raw materials are accepted between 6:00 and 18:00.<\/li>\n\n\n\n<li>Goods in sacks and big bags should be delivered by 13:00.<\/li>\n<\/ul>\n\n<div class=\"wp-block-buttons is-layout-flex wp-block-buttons-is-layout-flex\">\n<div class=\"wp-block-button aligncenter\"><a class=\"wp-block-button__link has-background wp-element-button\" href=\"https:\/\/www.agriplus.pl\/en\/feed-production-2\/\" style=\"background-color:#003980\">Return<\/a><\/div>\n<\/div>\n","protected":false},"excerpt":{"rendered":"<p>The factory is equipped with a professional laboratory for assessing the quality of the received goods. It has a grain quality analyzer of the 1st accuracy class. Samples are collected using an automatic Rakoraf sampler. Production manager:Waldemar Dragun,phone 668 153 537mail: Waldemar.Dragun@agriplus.pl Please agree the grain delivery schedule with the buyer in advance Anna Bi\u0142asphone [&hellip;]<\/p>\n","protected":false},"author":1,"featured_media":0,"parent":8281,"menu_order":5,"comment_status":"closed","ping_status":"open","template":"","meta":{"_uag_custom_page_level_css":"","footnotes":""},"class_list":["post-8208","page","type-page","status-publish","hentry"],"blocksy_meta":{"styles_descriptor":{"styles":{"desktop":"[data-prefix=\"single_page\"] .entry-header .page-title {--theme-font-size:30px;} [data-prefix=\"single_page\"] .entry-header .entry-meta {--theme-font-weight:600;--theme-text-transform:uppercase;--theme-font-size:12px;--theme-line-height:1.3;} [data-prefix=\"single_page\"] .hero-section[data-type=\"type-1\"] {--margin-bottom:40;}","tablet":"","mobile":""},"google_fonts":[],"version":6},"page_title_panel":"","has_hero_section":"enabled","abe1e73a009bef8861ca3cc14a986bcd":"","hero_section":"type-1","hero_elements":[{"id":"custom_title","enabled":true,"heading_tag":"h1","title":"Strona g\u0142\u00f3wna","__id":"GnekQ4Ki9yajuYY0fWK9k"},{"id":"custom_description","enabled":false,"description_visibility":{"desktop":true,"tablet":true,"mobile":false},"__id":"tHxkw4CXge_lyeVcQ0WnA"},{"id":"custom_meta","enabled":false,"meta_elements":[{"id":"author","enabled":true,"label":"Przez","has_author_avatar":"yes","avatar_size":25},{"id":"post_date","enabled":true,"label":"W\u0142\u0105cz","date_format_source":"default","date_format":"M j, Y"},{"id":"updated_date","enabled":false,"label":"W\u0142\u0105cz","date_format_source":"default","date_format":"M j, Y"},{"id":"categories","enabled":false,"label":"W","style":"simple"},{"id":"comments","enabled":true}],"page_meta_elements":{"joined":true,"articles_count":true,"comments":true},"__id":"5SRFd2hjvBLwjCwdP-GmP"},{"id":"breadcrumbs","enabled":false,"__id":"Y639iWpeC-75lwz29yFhT"}],"bb13b9986eaea9308ab87f80024bdf75":"","hero_alignment1":"CT_CSS_SKIP_RULE","hero_margin":40,"hero_alignment2":"center","hero_vertical_alignment":"center","e7f218f1a2e314b5649039d0a414c864":"","hero_structure":"narrow","b6b41b7fd5638b2cad4e8eca724a5b7e":"","page_title_bg_type":"featured_image","custom_hero_background":{"attachment_id":null},"page_title_image_size":"full","parallax":{"desktop":false,"tablet":false,"mobile":false},"c9302ca118527d4c31f0db8706fd0228":"","hero_height":"250px","pageTitleFont":{"family":"Default","variation":"Default","size":"30px","line-height":"CT_CSS_SKIP_RULE","letter-spacing":"CT_CSS_SKIP_RULE","text-transform":"CT_CSS_SKIP_RULE","text-decoration":"CT_CSS_SKIP_RULE"},"pageTitleFontColor":{"default":{"color":"CT_CSS_SKIP_RULEDEFAULT"}},"pageMetaFont":{"family":"Default","variation":"n6","size":"12px","line-height":"1.3","letter-spacing":"CT_CSS_SKIP_RULE","text-transform":"uppercase","text-decoration":"CT_CSS_SKIP_RULE"},"pageMetaFontColor":{"default":{"color":"CT_CSS_SKIP_RULEDEFAULT"},"hover":{"color":"CT_CSS_SKIP_RULEDEFAULT"}},"page_meta_button_type_font_colors":{"default":{"color":"CT_CSS_SKIP_RULEDEFAULT"},"hover":{"color":"CT_CSS_SKIP_RULEDEFAULT"}},"page_meta_button_type_background_colors":{"default":{"color":"CT_CSS_SKIP_RULEDEFAULT"},"hover":{"color":"CT_CSS_SKIP_RULEDEFAULT"}},"pageExcerptFont":{"family":"Default","variation":"Default","size":"CT_CSS_SKIP_RULE","line-height":"CT_CSS_SKIP_RULE","letter-spacing":"CT_CSS_SKIP_RULE","text-transform":"CT_CSS_SKIP_RULE","text-decoration":"CT_CSS_SKIP_RULE"},"pageExcerptColor":{"default":{"color":"CT_CSS_SKIP_RULEDEFAULT"}},"breadcrumbsFont":{"family":"Default","variation":"Default","size":"CT_CSS_SKIP_RULE","line-height":"CT_CSS_SKIP_RULE","letter-spacing":"CT_CSS_SKIP_RULE","text-transform":"CT_CSS_SKIP_RULE","text-decoration":"CT_CSS_SKIP_RULE"},"breadcrumbsFontColor":{"default":{"color":"CT_CSS_SKIP_RULEDEFAULT"},"initial":{"color":"CT_CSS_SKIP_RULEDEFAULT"},"hover":{"color":"CT_CSS_SKIP_RULEDEFAULT"}},"pageTitleOverlay":{"background_type":"color","background_pattern":"type-1","background_image":{"attachment_id":null,"x":0,"y":0},"gradient":"linear-gradient(135deg,rgba(6,147,227,1) 0%,rgb(155,81,224) 100%)","background_repeat":"repeat","background_size":"auto","background_attachment":"scroll","patternColor":{"default":{"color":"#e5e7ea"}},"overlayColor":{"default":{"color":"CT_CSS_SKIP_RULE"}},"backgroundColor":{"default":{"color":"CT_CSS_SKIP_RULE"}}},"pageTitleBackground":{"background_type":"color","background_pattern":"type-1","background_image":{"attachment_id":null,"x":0,"y":0},"gradient":"linear-gradient(135deg,rgba(6,147,227,1) 0%,rgb(155,81,224) 100%)","background_repeat":"repeat","background_size":"auto","background_attachment":"scroll","patternColor":{"default":{"color":"#e5e7ea"}},"overlayColor":{"default":{"color":"CT_CSS_SKIP_RULE"}},"backgroundColor":{"default":{"color":"var(--theme-palette-color-6)"}}},"pageTitlePadding":{"top":"50px","bottom":"50px","left":"auto","right":"auto","linked":true},"b77ff0fe2a72416a625863b521c4e683":"","page_structure_type":"default","4f5e64ae19ab3d0963ff0875326cec3d":"","content_style_source":"inherit","content_style":"wide","vertical_spacing_source":"inherit","content_area_spacing":"both","background":{"background_type":"color","background_pattern":"type-1","background_image":{"attachment_id":null,"x":0,"y":0},"gradient":"linear-gradient(135deg,rgba(6,147,227,1) 0%,rgb(155,81,224) 100%)","background_repeat":"repeat","background_size":"auto","background_attachment":"scroll","patternColor":{"default":{"color":"#e5e7ea"}},"overlayColor":{"default":{"color":"CT_CSS_SKIP_RULE"}},"backgroundColor":{"default":{"color":"CT_CSS_SKIP_RULE"}}},"content_background":{"background_type":"color","background_pattern":"type-1","background_image":{"attachment_id":null,"x":0,"y":0},"gradient":"linear-gradient(135deg,rgba(6,147,227,1) 0%,rgb(155,81,224) 100%)","background_repeat":"repeat","background_size":"auto","background_attachment":"scroll","patternColor":{"default":{"color":"#e5e7ea"}},"overlayColor":{"default":{"color":"CT_CSS_SKIP_RULE"}},"backgroundColor":{"default":{"color":"var(--theme-palette-color-8)"}}},"content_boxed_shadow":{"inherit":false,"blur":18,"spread":-6,"v_offset":12,"h_offset":0,"inset":false,"enable":true,"color":{"color":"rgba(34, 56, 101, 0.04)"}},"content_boxed_border":{"width":1,"style":"none","color":{"color":"rgba(44,62,80,0.2)"}},"content_boxed_radius":{"top":"3px","bottom":"3px","left":"3px","right":"3px","linked":true},"boxed_content_spacing":{"desktop":{"top":"40px","bottom":"40px","left":"40px","right":"40px","linked":true},"tablet":{"top":"35px","bottom":"35px","left":"35px","right":"35px","linked":true},"mobile":{"top":"20px","bottom":"20px","left":"20px","right":"20px","linked":true}},"1b48a3c5ff78e307ea250d0257fe3a34":"","disable_featured_image":"no","disable_share_box":"no","disable_header":"no","disable_footer":"no"},"yoast_head":"<!-- This site is optimized with the Yoast SEO plugin v27.5 - https:\/\/yoast.com\/product\/yoast-seo-wordpress\/ -->\n<title>K\u0119trzyn - Agri Plus<\/title>\n<meta name=\"robots\" content=\"index, follow, max-snippet:-1, max-image-preview:large, max-video-preview:-1\" \/>\n<link rel=\"canonical\" href=\"https:\/\/www.agriplus.pl\/en\/feed-production-2\/ketrzyn\/\" \/>\n<meta property=\"og:locale\" content=\"en_US\" \/>\n<meta property=\"og:type\" content=\"article\" \/>\n<meta property=\"og:title\" content=\"K\u0119trzyn - Agri Plus\" \/>\n<meta property=\"og:description\" content=\"The factory is equipped with a professional laboratory for assessing the quality of the received goods. It has a grain quality analyzer of the 1st accuracy class. Samples are collected using an automatic Rakoraf sampler. Production manager:Waldemar Dragun,phone 668 153 537mail: Waldemar.Dragun@agriplus.pl Please agree the grain delivery schedule with the buyer in advance Anna Bi\u0142asphone [&hellip;]\" \/>\n<meta property=\"og:url\" content=\"https:\/\/www.agriplus.pl\/en\/feed-production-2\/ketrzyn\/\" \/>\n<meta property=\"og:site_name\" content=\"Agri Plus\" \/>\n<meta property=\"article:modified_time\" content=\"2023-11-20T07:44:47+00:00\" \/>\n<meta property=\"og:image\" content=\"https:\/\/www.agriplus.pl\/wp-content\/uploads\/2023\/06\/person.svg\" \/>\n<meta name=\"twitter:card\" content=\"summary_large_image\" \/>\n<meta name=\"twitter:label1\" content=\"Est. reading time\" \/>\n\t<meta name=\"twitter:data1\" content=\"1 minute\" \/>\n<script type=\"application\/ld+json\" class=\"yoast-schema-graph\">{\"@context\":\"https:\\\/\\\/schema.org\",\"@graph\":[{\"@type\":\"WebPage\",\"@id\":\"https:\\\/\\\/www.agriplus.pl\\\/en\\\/feed-production-2\\\/ketrzyn\\\/\",\"url\":\"https:\\\/\\\/www.agriplus.pl\\\/en\\\/feed-production-2\\\/ketrzyn\\\/\",\"name\":\"K\u0119trzyn - Agri Plus\",\"isPartOf\":{\"@id\":\"https:\\\/\\\/www.agriplus.pl\\\/#website\"},\"primaryImageOfPage\":{\"@id\":\"https:\\\/\\\/www.agriplus.pl\\\/en\\\/feed-production-2\\\/ketrzyn\\\/#primaryimage\"},\"image\":{\"@id\":\"https:\\\/\\\/www.agriplus.pl\\\/en\\\/feed-production-2\\\/ketrzyn\\\/#primaryimage\"},\"thumbnailUrl\":\"https:\\\/\\\/www.agriplus.pl\\\/wp-content\\\/uploads\\\/2023\\\/06\\\/person.svg\",\"datePublished\":\"2014-11-03T06:42:54+00:00\",\"dateModified\":\"2023-11-20T07:44:47+00:00\",\"breadcrumb\":{\"@id\":\"https:\\\/\\\/www.agriplus.pl\\\/en\\\/feed-production-2\\\/ketrzyn\\\/#breadcrumb\"},\"inLanguage\":\"en-US\",\"potentialAction\":[{\"@type\":\"ReadAction\",\"target\":[\"https:\\\/\\\/www.agriplus.pl\\\/en\\\/feed-production-2\\\/ketrzyn\\\/\"]}]},{\"@type\":\"ImageObject\",\"inLanguage\":\"en-US\",\"@id\":\"https:\\\/\\\/www.agriplus.pl\\\/en\\\/feed-production-2\\\/ketrzyn\\\/#primaryimage\",\"url\":\"https:\\\/\\\/www.agriplus.pl\\\/wp-content\\\/uploads\\\/2023\\\/06\\\/person.svg\",\"contentUrl\":\"https:\\\/\\\/www.agriplus.pl\\\/wp-content\\\/uploads\\\/2023\\\/06\\\/person.svg\"},{\"@type\":\"BreadcrumbList\",\"@id\":\"https:\\\/\\\/www.agriplus.pl\\\/en\\\/feed-production-2\\\/ketrzyn\\\/#breadcrumb\",\"itemListElement\":[{\"@type\":\"ListItem\",\"position\":1,\"name\":\"Main page\",\"item\":\"https:\\\/\\\/www.agriplus.pl\\\/en\\\/\"},{\"@type\":\"ListItem\",\"position\":2,\"name\":\"Feed production\",\"item\":\"https:\\\/\\\/www.agriplus.pl\\\/en\\\/feed-production-2\\\/\"},{\"@type\":\"ListItem\",\"position\":3,\"name\":\"K\u0119trzyn\"}]},{\"@type\":\"WebSite\",\"@id\":\"https:\\\/\\\/www.agriplus.pl\\\/#website\",\"url\":\"https:\\\/\\\/www.agriplus.pl\\\/\",\"name\":\"Agri Plus\",\"description\":\"\",\"publisher\":{\"@id\":\"https:\\\/\\\/www.agriplus.pl\\\/#organization\"},\"potentialAction\":[{\"@type\":\"SearchAction\",\"target\":{\"@type\":\"EntryPoint\",\"urlTemplate\":\"https:\\\/\\\/www.agriplus.pl\\\/?s={search_term_string}\"},\"query-input\":{\"@type\":\"PropertyValueSpecification\",\"valueRequired\":true,\"valueName\":\"search_term_string\"}}],\"inLanguage\":\"en-US\"},{\"@type\":\"Organization\",\"@id\":\"https:\\\/\\\/www.agriplus.pl\\\/#organization\",\"name\":\"Agri Plus\",\"url\":\"https:\\\/\\\/www.agriplus.pl\\\/\",\"logo\":{\"@type\":\"ImageObject\",\"inLanguage\":\"en-US\",\"@id\":\"https:\\\/\\\/www.agriplus.pl\\\/#\\\/schema\\\/logo\\\/image\\\/\",\"url\":\"https:\\\/\\\/www.agriplus.pl\\\/wp-content\\\/uploads\\\/2023\\\/01\\\/AgriPlus.webp\",\"contentUrl\":\"https:\\\/\\\/www.agriplus.pl\\\/wp-content\\\/uploads\\\/2023\\\/01\\\/AgriPlus.webp\",\"width\":300,\"height\":135,\"caption\":\"Agri Plus\"},\"image\":{\"@id\":\"https:\\\/\\\/www.agriplus.pl\\\/#\\\/schema\\\/logo\\\/image\\\/\"}}]}<\/script>\n<!-- \/ Yoast SEO plugin. -->","yoast_head_json":{"title":"K\u0119trzyn - Agri Plus","robots":{"index":"index","follow":"follow","max-snippet":"max-snippet:-1","max-image-preview":"max-image-preview:large","max-video-preview":"max-video-preview:-1"},"canonical":"https:\/\/www.agriplus.pl\/en\/feed-production-2\/ketrzyn\/","og_locale":"en_US","og_type":"article","og_title":"K\u0119trzyn - Agri Plus","og_description":"The factory is equipped with a professional laboratory for assessing the quality of the received goods. It has a grain quality analyzer of the 1st accuracy class. Samples are collected using an automatic Rakoraf sampler. Production manager:Waldemar Dragun,phone 668 153 537mail: Waldemar.Dragun@agriplus.pl Please agree the grain delivery schedule with the buyer in advance Anna Bi\u0142asphone [&hellip;]","og_url":"https:\/\/www.agriplus.pl\/en\/feed-production-2\/ketrzyn\/","og_site_name":"Agri Plus","article_modified_time":"2023-11-20T07:44:47+00:00","og_image":[{"url":"https:\/\/www.agriplus.pl\/wp-content\/uploads\/2023\/06\/person.svg","type":"","width":"","height":""}],"twitter_card":"summary_large_image","twitter_misc":{"Est. reading time":"1 minute"},"schema":{"@context":"https:\/\/schema.org","@graph":[{"@type":"WebPage","@id":"https:\/\/www.agriplus.pl\/en\/feed-production-2\/ketrzyn\/","url":"https:\/\/www.agriplus.pl\/en\/feed-production-2\/ketrzyn\/","name":"K\u0119trzyn - Agri Plus","isPartOf":{"@id":"https:\/\/www.agriplus.pl\/#website"},"primaryImageOfPage":{"@id":"https:\/\/www.agriplus.pl\/en\/feed-production-2\/ketrzyn\/#primaryimage"},"image":{"@id":"https:\/\/www.agriplus.pl\/en\/feed-production-2\/ketrzyn\/#primaryimage"},"thumbnailUrl":"https:\/\/www.agriplus.pl\/wp-content\/uploads\/2023\/06\/person.svg","datePublished":"2014-11-03T06:42:54+00:00","dateModified":"2023-11-20T07:44:47+00:00","breadcrumb":{"@id":"https:\/\/www.agriplus.pl\/en\/feed-production-2\/ketrzyn\/#breadcrumb"},"inLanguage":"en-US","potentialAction":[{"@type":"ReadAction","target":["https:\/\/www.agriplus.pl\/en\/feed-production-2\/ketrzyn\/"]}]},{"@type":"ImageObject","inLanguage":"en-US","@id":"https:\/\/www.agriplus.pl\/en\/feed-production-2\/ketrzyn\/#primaryimage","url":"https:\/\/www.agriplus.pl\/wp-content\/uploads\/2023\/06\/person.svg","contentUrl":"https:\/\/www.agriplus.pl\/wp-content\/uploads\/2023\/06\/person.svg"},{"@type":"BreadcrumbList","@id":"https:\/\/www.agriplus.pl\/en\/feed-production-2\/ketrzyn\/#breadcrumb","itemListElement":[{"@type":"ListItem","position":1,"name":"Main page","item":"https:\/\/www.agriplus.pl\/en\/"},{"@type":"ListItem","position":2,"name":"Feed production","item":"https:\/\/www.agriplus.pl\/en\/feed-production-2\/"},{"@type":"ListItem","position":3,"name":"K\u0119trzyn"}]},{"@type":"WebSite","@id":"https:\/\/www.agriplus.pl\/#website","url":"https:\/\/www.agriplus.pl\/","name":"Agri Plus","description":"","publisher":{"@id":"https:\/\/www.agriplus.pl\/#organization"},"potentialAction":[{"@type":"SearchAction","target":{"@type":"EntryPoint","urlTemplate":"https:\/\/www.agriplus.pl\/?s={search_term_string}"},"query-input":{"@type":"PropertyValueSpecification","valueRequired":true,"valueName":"search_term_string"}}],"inLanguage":"en-US"},{"@type":"Organization","@id":"https:\/\/www.agriplus.pl\/#organization","name":"Agri Plus","url":"https:\/\/www.agriplus.pl\/","logo":{"@type":"ImageObject","inLanguage":"en-US","@id":"https:\/\/www.agriplus.pl\/#\/schema\/logo\/image\/","url":"https:\/\/www.agriplus.pl\/wp-content\/uploads\/2023\/01\/AgriPlus.webp","contentUrl":"https:\/\/www.agriplus.pl\/wp-content\/uploads\/2023\/01\/AgriPlus.webp","width":300,"height":135,"caption":"Agri Plus"},"image":{"@id":"https:\/\/www.agriplus.pl\/#\/schema\/logo\/image\/"}}]}},"uagb_featured_image_src":{"full":false,"thumbnail":false,"medium":false,"medium_large":false,"large":false,"1536x1536":false,"2048x2048":false},"uagb_author_info":{"display_name":"\u0141ukasz","author_link":"https:\/\/www.agriplus.pl\/en\/author\/lsnopek\/"},"uagb_comment_info":0,"uagb_excerpt":"The factory is equipped with a professional laboratory for assessing the quality of the received goods. It has a grain quality analyzer of the 1st accuracy class. Samples are collected using an automatic Rakoraf sampler. Production manager:Waldemar Dragun,phone 668 153 537mail: Waldemar.Dragun@agriplus.pl Please agree the grain delivery schedule with the buyer in advance Anna Bi\u0142asphone&hellip;","_links":{"self":[{"href":"https:\/\/www.agriplus.pl\/en\/wp-json\/wp\/v2\/pages\/8208","targetHints":{"allow":["GET"]}}],"collection":[{"href":"https:\/\/www.agriplus.pl\/en\/wp-json\/wp\/v2\/pages"}],"about":[{"href":"https:\/\/www.agriplus.pl\/en\/wp-json\/wp\/v2\/types\/page"}],"author":[{"embeddable":true,"href":"https:\/\/www.agriplus.pl\/en\/wp-json\/wp\/v2\/users\/1"}],"replies":[{"embeddable":true,"href":"https:\/\/www.agriplus.pl\/en\/wp-json\/wp\/v2\/comments?post=8208"}],"version-history":[{"count":3,"href":"https:\/\/www.agriplus.pl\/en\/wp-json\/wp\/v2\/pages\/8208\/revisions"}],"predecessor-version":[{"id":8735,"href":"https:\/\/www.agriplus.pl\/en\/wp-json\/wp\/v2\/pages\/8208\/revisions\/8735"}],"up":[{"embeddable":true,"href":"https:\/\/www.agriplus.pl\/en\/wp-json\/wp\/v2\/pages\/8281"}],"wp:attachment":[{"href":"https:\/\/www.agriplus.pl\/en\/wp-json\/wp\/v2\/media?parent=8208"}],"curies":[{"name":"wp","href":"https:\/\/api.w.org\/{rel}","templated":true}]}}