{"id":8281,"date":"2014-09-19T13:41:49","date_gmt":"2014-09-19T11:41:49","guid":{"rendered":"https:\/\/www.agriplus.pl\/feed-production-2\/"},"modified":"2023-11-15T12:07:07","modified_gmt":"2023-11-15T11:07:07","slug":"feed-production-2","status":"publish","type":"page","link":"https:\/\/www.agriplus.pl\/en\/feed-production-2\/","title":{"rendered":"Feed production"},"content":{"rendered":"\n<h2 class=\"wp-block-heading\">Feed production<\/h2>\n\n<div class=\"wp-block-uagb-container uagb-block-815b5860 alignfull uagb-is-root-container\"><div class=\"uagb-container-inner-blocks-wrap\">\n<div class=\"wp-block-uagb-container uagb-block-04512cc9\">\n<p class=\"has-text-color has-medium-font-size\" style=\"color:#003980\"><strong>The main activity profile of Agri Plus Sp. z o. o. of the Feed Department in Pozna\u0144 is the production and distribution of complete feed mixes.  <br\/>The high quality of components, modern machinery and recipes that take into account the latest trends in nutrition allow us to obtain the highest quality product, guaranteeing safety and high efficiency in animal nutrition.<\/strong><\/p>\n<\/div>\n\n\n\n<div class=\"wp-block-uagb-container uagb-block-a614d7db\">\n<div class=\"wp-block-stackable-image stk-block-image stk-block stk-b8aa6b3\" data-block-id=\"b8aa6b3\"><figure class=\"stk-img-wrapper stk-image--shape-stretch\"><img loading=\"lazy\" decoding=\"async\" class=\"stk-img wp-image-5541\" src=\"https:\/\/www.agriplus.pl\/wp-content\/uploads\/2014\/09\/Szamotuly-strona.jpg\" width=\"990\" height=\"450\" alt=\"Feed production\"\/><\/figure><\/div>\n<\/div>\n<\/div><\/div>\n\n<div class=\"wp-block-uagb-container uagb-block-0a53b563 alignfull uagb-is-root-container\"><div class=\"uagb-container-inner-blocks-wrap\">\n<div class=\"wp-block-uagb-container uagb-block-f76d02c8\">\n<h3 class=\"wp-block-heading has-text-align-left\">Our locations<\/h3>\n\n\n\n<div data-map-zoom=\"6\" data-interaction=\"cooperative\" data-map-style=\"default\" data-map-center=\"{\"lat\":51.985487271865864,\"lng\":19.749826752615412}\" data-zoom-control=\"true\" data-type-control=\"true\" data-street-view-control=\"true\" data-full-screen-control=\"true\" data-map-markers=\"[{\"name\":\"Wytw\u00f3rnia Pasz w Szamotu\u0142ach\",\"description\":\"Agri Plus Sp. z o.o. Wytw\u00f3rnia Pasz w Szamotu\u0142ach&lt;br&gt;\\nBoles\u0142awa Chrobrego 21, 64-500 Szamotu\u0142y&lt;br&gt;\\nKierownik Wytw\u00f3rni: tel. 882147524&lt;br&gt;\\nKupiec surowcowy: tel. 668271896\",\"popUpOpen\":false,\"popUpMaxWidth\":250,\"bounce\":false,\"coords\":{\"lat\":52.59507124506053,\"lng\":16.593475341796875}},{\"name\":\"Wytwornia pasz w Czarnem Ma\u0142em\",\"description\":\"Agri Plus Sp. z o.o. Wytw\u00f3rnia Pasz w Czarnem Ma\u0142em&lt;br&gt;\\n\u0141ysinin 2, 78-550, Polska&lt;br&gt;\\nKierownik Wytw\u00f3rni: tel. 660490590&lt;br&gt;\\nKupiec surowcowy: tel. 728432837\",\"popUpOpen\":false,\"popUpMaxWidth\":250,\"bounce\":false,\"coords\":{\"lat\":53.54561163101497,\"lng\":16.344738006591797}},{\"name\":\"Wytw\u00f3rnia Pasz w Kr\u0105plewicach\",\"description\":\"Agri Plus Sp. z o.o. Wytw\u00f3rnia Pasz w Kr\u0105plewicach&lt;br&gt;\\nKr\u0105plewice 1, 86-131, Polska&lt;br&gt;\\nKierownik Wytw\u00f3rni: tel. 660757691&lt;br&gt;\\nKupiec surowcowy: tel. 728432840\",\"popUpOpen\":false,\"popUpMaxWidth\":250,\"bounce\":false,\"coords\":{\"lat\":53.52232413508325,\"lng\":18.401155471801758}},{\"name\":\"Wytw\u00f3rnia Pasz w K\u0119trzynie\",\"description\":\"Agri Plus Sp. z o.o. Wytw\u00f3rnia Pasz w K\u0119trzynie&lt;br&gt;\\nBa\u0142tycka 24A, 11-400 K\u0119trzyn, Polska&lt;br&gt;\\nKierownik Wytw\u00f3rni: tel. 668153537&lt;br&gt;\\nKupiec surowcowy: tel. 602108075\",\"popUpOpen\":false,\"popUpMaxWidth\":250,\"bounce\":false,\"coords\":{\"lat\":54.08326020093336,\"lng\":21.398019790649414}},{\"name\":\"Wytw\u00f3rnia Pasz w Grodkowie\",\"description\":\"Agri Plus Sp. z o.o. Wytw\u00f3rnia Pasz w Grodkowie&lt;br&gt;\\nWroc\u0142awska 61, 49-200 Grodk\u00f3w, Polska&lt;br&gt;\\nKierownik Wytw\u00f3rni: tel. 518091808&lt;br&gt;\\nKupiec surowcowy: tel. 696944091\",\"popUpOpen\":false,\"popUpMaxWidth\":250,\"bounce\":false,\"coords\":{\"lat\":50.707873445562264,\"lng\":17.37813949584961}},{\"name\":\"Wytw\u00f3rnia Pasz w Zamo\u015bciu\",\"description\":\"Agri Plus Sp. z o.o. Wytw\u00f3rnia Pasz w Zamo\u015bciu&lt;br&gt;\\nKarola Namys\u0142owskiego 3, 22-400 Zamo\u015b\u0107, Polska&lt;br&gt;\\nKierownik Wytw\u00f3rni: tel. 606801907&lt;br&gt;\\nKupiec surowcowy: tel. 692492715\",\"popUpOpen\":false,\"popUpMaxWidth\":250,\"bounce\":false,\"coords\":{\"lat\":50.72942679861348,\"lng\":23.26683282852173}}]\" class=\"wp-block-getwid-map\"><div style=\"height:600px\" class=\"wp-block-getwid-map__container\"><\/div><ul class=\"wp-block-getwid-map__points\"><li><a href=\"https:\/\/maps.google.com\/?q=52.59507124506053,16.593475341796875&amp;ll=52.59507124506053,16.593475341796875&amp;z=6\">Feed factory in Szamotu\u0142y<\/a><\/li><li><a href=\"https:\/\/maps.google.com\/?q=53.54561163101497,16.344738006591797&amp;ll=53.54561163101497,16.344738006591797&amp;z=6\">Feed factory in Czarne Ma\u0142e<\/a><\/li><li><a href=\"https:\/\/maps.google.com\/?q=53.52232413508325,18.401155471801758&amp;ll=53.52232413508325,18.401155471801758&amp;z=6\">Feed factory in Kr\u0105plewice<\/a><\/li><li><a href=\"https:\/\/maps.google.com\/?q=54.08326020093336,21.398019790649414&amp;ll=54.08326020093336,21.398019790649414&amp;z=6\">Feed factory in K\u0119trzyn<\/a><\/li><li><a href=\"https:\/\/maps.google.com\/?q=50.707873445562264,17.37813949584961&amp;ll=50.707873445562264,17.37813949584961&amp;z=6\">Feed factory in Grodk\u00f3w<\/a><\/li><li><a href=\"https:\/\/maps.google.com\/?q=50.72942679861348,23.26683282852173&amp;ll=50.72942679861348,23.26683282852173&amp;z=6\">Feed factory in Zamo\u015b\u0107<\/a><\/li><\/ul><\/div>\n<\/div>\n\n\n\n<div class=\"wp-block-uagb-container uagb-block-fcd9abc0\">\n<div class=\"wp-block-stackable-heading stk-block-heading stk-block-heading--v2 stk-block stk-2521116\" id=\"pasze-produkowane-sa-w-nbsp-szesciu-wytworniach\" data-block-id=\"2521116\"><h5 class=\"stk-block-heading__text stk-block-heading--use-theme-margins\">The feed is produced in six factories:<\/h5><\/div>\n\n\n\n<div class=\"wp-block-stackable-button-group stk-block-button-group stk-block stk-6cb260d\" data-block-id=\"6cb260d\"><style>.stk-6cb260d .stk-button-group{flex-direction:column !important;align-items:flex-start !important}.stk-6cb260d .stk-block{flex-basis:auto !important}<\/style><div class=\"stk-row stk-inner-blocks stk-block-content stk-button-group\">\n<div class=\"wp-block-stackable-button stk-block-button stk-block stk-7c09ad7\" data-block-id=\"7c09ad7\"><style>.stk-7c09ad7,.stk-7c09ad7 .stk-button{width:100% !important}.stk-7c09ad7{flex:1 1 0 !important}.stk-7c09ad7 .stk-button{background:#003980 !important}.stk-7c09ad7 .stk-button .stk--inner-svg svg:last-child{height:24px !important;width:24px !important}.stk-7c09ad7 .stk-button__inner-text{font-weight:600 !important}<\/style><a class=\"stk-link stk-button stk--hover-effect-darken\" href=\"https:\/\/www.agriplus.pl\/en\/feed-production-2\/czarne-male\/\"><span class=\"stk-button__inner-text\">Czarne Ma\u0142e<\/span><span class=\"stk--svg-wrapper\"><div class=\"stk--inner-svg\"><svg aria-hidden=\"true\" focusable=\"false\" data-prefix=\"far\" data-icon=\"arrow-alt-circle-right\" class=\"svg-inline--fa fa-arrow-alt-circle-right fa-w-16\" xmlns=\"http:\/\/www.w3.org\/2000\/svg\" viewbox=\"0 0 512 512\" width=\"32\" height=\"32\"><path fill=\"currentColor\" d=\"M504 256C504 119 393 8 256 8S8 119 8 256s111 248 248 248 248-111 248-248zm-448 0c0-110.5 89.5-200 200-200s200 89.5 200 200-89.5 200-200 200S56 366.5 56 256zm72 20v-40c0-6.6 5.4-12 12-12h116v-67c0-10.7 12.9-16 20.5-8.5l99 99c4.7 4.7 4.7 12.3 0 17l-99 99c-7.6 7.6-20.5 2.2-20.5-8.5v-67H140c-6.6 0-12-5.4-12-12z\"><\/path><\/svg><\/div><\/span><\/a><\/div>\n\n\n\n<div class=\"wp-block-stackable-button stk-block-button stk-block stk-9c3a1af\" data-block-id=\"9c3a1af\"><style>.stk-9c3a1af,.stk-9c3a1af .stk-button{width:100% !important}.stk-9c3a1af{flex:1 1 0 !important}.stk-9c3a1af .stk-button{background:#003980 !important}.stk-9c3a1af .stk-button .stk--inner-svg svg:last-child{height:24px !important;width:24px !important}.stk-9c3a1af .stk-button__inner-text{font-weight:600 !important}<\/style><a class=\"stk-link stk-button stk--hover-effect-darken\" href=\"https:\/\/www.agriplus.pl\/en\/feed-production-2\/grodkow\/\"><span class=\"stk-button__inner-text\">Grodk\u00f3w<\/span><span class=\"stk--svg-wrapper\"><div class=\"stk--inner-svg\"><svg aria-hidden=\"true\" focusable=\"false\" data-prefix=\"far\" data-icon=\"arrow-alt-circle-right\" class=\"svg-inline--fa fa-arrow-alt-circle-right fa-w-16\" xmlns=\"http:\/\/www.w3.org\/2000\/svg\" viewbox=\"0 0 512 512\" width=\"32\" height=\"32\"><path fill=\"currentColor\" d=\"M504 256C504 119 393 8 256 8S8 119 8 256s111 248 248 248 248-111 248-248zm-448 0c0-110.5 89.5-200 200-200s200 89.5 200 200-89.5 200-200 200S56 366.5 56 256zm72 20v-40c0-6.6 5.4-12 12-12h116v-67c0-10.7 12.9-16 20.5-8.5l99 99c4.7 4.7 4.7 12.3 0 17l-99 99c-7.6 7.6-20.5 2.2-20.5-8.5v-67H140c-6.6 0-12-5.4-12-12z\"><\/path><\/svg><\/div><\/span><\/a><\/div>\n\n\n\n<div class=\"wp-block-stackable-button stk-block-button stk-block stk-1887d57\" data-block-id=\"1887d57\"><style>.stk-1887d57,.stk-1887d57 .stk-button{width:100% !important}.stk-1887d57{flex:1 1 0 !important}.stk-1887d57 .stk-button{background:#003980 !important}.stk-1887d57 .stk-button .stk--inner-svg svg:last-child{height:24px !important;width:24px !important}.stk-1887d57 .stk-button__inner-text{font-weight:600 !important}<\/style><a class=\"stk-link stk-button stk--hover-effect-darken\" href=\"https:\/\/www.agriplus.pl\/en\/feed-production-2\/ketrzyn\/\"><span class=\"stk-button__inner-text\">K\u0119trzyn<\/span><span class=\"stk--svg-wrapper\"><div class=\"stk--inner-svg\"><svg aria-hidden=\"true\" focusable=\"false\" data-prefix=\"far\" data-icon=\"arrow-alt-circle-right\" class=\"svg-inline--fa fa-arrow-alt-circle-right fa-w-16\" xmlns=\"http:\/\/www.w3.org\/2000\/svg\" viewbox=\"0 0 512 512\" width=\"32\" height=\"32\"><path fill=\"currentColor\" d=\"M504 256C504 119 393 8 256 8S8 119 8 256s111 248 248 248 248-111 248-248zm-448 0c0-110.5 89.5-200 200-200s200 89.5 200 200-89.5 200-200 200S56 366.5 56 256zm72 20v-40c0-6.6 5.4-12 12-12h116v-67c0-10.7 12.9-16 20.5-8.5l99 99c4.7 4.7 4.7 12.3 0 17l-99 99c-7.6 7.6-20.5 2.2-20.5-8.5v-67H140c-6.6 0-12-5.4-12-12z\"><\/path><\/svg><\/div><\/span><\/a><\/div>\n\n\n\n<div class=\"wp-block-stackable-button stk-block-button stk-block stk-9c2663d\" data-block-id=\"9c2663d\"><style>.stk-9c2663d,.stk-9c2663d .stk-button{width:100% !important}.stk-9c2663d{flex:1 1 0 !important}.stk-9c2663d .stk-button{background:#003980 !important}.stk-9c2663d .stk-button .stk--inner-svg svg:last-child{height:24px !important;width:24px !important}.stk-9c2663d .stk-button__inner-text{font-weight:600 !important}<\/style><a class=\"stk-link stk-button stk--hover-effect-darken\" href=\"https:\/\/www.agriplus.pl\/en\/feed-production-2\/kraplewice\/\"><span class=\"stk-button__inner-text\">Kr\u0105plewice<\/span><span class=\"stk--svg-wrapper\"><div class=\"stk--inner-svg\"><svg aria-hidden=\"true\" focusable=\"false\" data-prefix=\"far\" data-icon=\"arrow-alt-circle-right\" class=\"svg-inline--fa fa-arrow-alt-circle-right fa-w-16\" xmlns=\"http:\/\/www.w3.org\/2000\/svg\" viewbox=\"0 0 512 512\" width=\"32\" height=\"32\"><path fill=\"currentColor\" d=\"M504 256C504 119 393 8 256 8S8 119 8 256s111 248 248 248 248-111 248-248zm-448 0c0-110.5 89.5-200 200-200s200 89.5 200 200-89.5 200-200 200S56 366.5 56 256zm72 20v-40c0-6.6 5.4-12 12-12h116v-67c0-10.7 12.9-16 20.5-8.5l99 99c4.7 4.7 4.7 12.3 0 17l-99 99c-7.6 7.6-20.5 2.2-20.5-8.5v-67H140c-6.6 0-12-5.4-12-12z\"><\/path><\/svg><\/div><\/span><\/a><\/div>\n\n\n\n<div class=\"wp-block-stackable-button stk-block-button stk-block stk-3166d20\" data-block-id=\"3166d20\"><style>.stk-3166d20,.stk-3166d20 .stk-button{width:100% !important}.stk-3166d20{flex:1 1 0 !important}.stk-3166d20 .stk-button{background:#003980 !important}.stk-3166d20 .stk-button .stk--inner-svg svg:last-child{height:24px !important;width:24px !important}.stk-3166d20 .stk-button__inner-text{font-weight:600 !important}<\/style><a class=\"stk-link stk-button stk--hover-effect-darken\" href=\"https:\/\/www.agriplus.pl\/en\/feed-production-2\/szamotuly\/\"><span class=\"stk-button__inner-text\">Szamotu\u0142y<\/span><span class=\"stk--svg-wrapper\"><div class=\"stk--inner-svg\"><svg aria-hidden=\"true\" focusable=\"false\" data-prefix=\"far\" data-icon=\"arrow-alt-circle-right\" class=\"svg-inline--fa fa-arrow-alt-circle-right fa-w-16\" xmlns=\"http:\/\/www.w3.org\/2000\/svg\" viewbox=\"0 0 512 512\" width=\"32\" height=\"32\"><path fill=\"currentColor\" d=\"M504 256C504 119 393 8 256 8S8 119 8 256s111 248 248 248 248-111 248-248zm-448 0c0-110.5 89.5-200 200-200s200 89.5 200 200-89.5 200-200 200S56 366.5 56 256zm72 20v-40c0-6.6 5.4-12 12-12h116v-67c0-10.7 12.9-16 20.5-8.5l99 99c4.7 4.7 4.7 12.3 0 17l-99 99c-7.6 7.6-20.5 2.2-20.5-8.5v-67H140c-6.6 0-12-5.4-12-12z\"><\/path><\/svg><\/div><\/span><\/a><\/div>\n\n\n\n<div class=\"wp-block-stackable-button stk-block-button stk-block stk-587a1de\" data-block-id=\"587a1de\"><style>.stk-587a1de,.stk-587a1de .stk-button{width:100% !important}.stk-587a1de{flex:1 1 0 !important}.stk-587a1de .stk-button{background:#003980 !important}.stk-587a1de .stk-button .stk--inner-svg svg:last-child{height:24px !important;width:24px !important}.stk-587a1de .stk-button__inner-text{font-weight:600 !important}<\/style><a class=\"stk-link stk-button stk--hover-effect-darken\" href=\"https:\/\/www.agriplus.pl\/en\/feed-production-2\/zamosc\/\"><span class=\"stk-button__inner-text\">Zamo\u015b\u0107<\/span><span class=\"stk--svg-wrapper\"><div class=\"stk--inner-svg\"><svg aria-hidden=\"true\" focusable=\"false\" data-prefix=\"far\" data-icon=\"arrow-alt-circle-right\" class=\"svg-inline--fa fa-arrow-alt-circle-right fa-w-16\" xmlns=\"http:\/\/www.w3.org\/2000\/svg\" viewbox=\"0 0 512 512\" width=\"32\" height=\"32\"><path fill=\"currentColor\" d=\"M504 256C504 119 393 8 256 8S8 119 8 256s111 248 248 248 248-111 248-248zm-448 0c0-110.5 89.5-200 200-200s200 89.5 200 200-89.5 200-200 200S56 366.5 56 256zm72 20v-40c0-6.6 5.4-12 12-12h116v-67c0-10.7 12.9-16 20.5-8.5l99 99c4.7 4.7 4.7 12.3 0 17l-99 99c-7.6 7.6-20.5 2.2-20.5-8.5v-67H140c-6.6 0-12-5.4-12-12z\"><\/path><\/svg><\/div><\/span><\/a><\/div>\n<\/div><\/div>\n<\/div>\n<\/div><\/div>\n","protected":false},"excerpt":{"rendered":"<p>Feed production The main activity profile of Agri Plus Sp. z o. o. of the Feed Department in Pozna\u0144 is the production and distribution of complete feed mixes. The high quality of components, modern machinery and recipes that take into account the latest trends in nutrition allow us to obtain the highest quality product, guaranteeing [&hellip;]<\/p>\n","protected":false},"author":1,"featured_media":7992,"parent":0,"menu_order":0,"comment_status":"closed","ping_status":"open","template":"","meta":{"_uag_custom_page_level_css":"","footnotes":""},"class_list":["post-8281","page","type-page","status-publish","has-post-thumbnail","hentry"],"blocksy_meta":{"styles_descriptor":{"styles":{"desktop":"","tablet":"","mobile":""},"google_fonts":[],"version":6}},"yoast_head":"<!-- This site is optimized with the Yoast SEO plugin v27.5 - https:\/\/yoast.com\/product\/yoast-seo-wordpress\/ -->\n<title>Feed production - Agri Plus<\/title>\n<meta name=\"robots\" content=\"index, follow, max-snippet:-1, max-image-preview:large, max-video-preview:-1\" \/>\n<link rel=\"canonical\" href=\"https:\/\/www.agriplus.pl\/en\/feed-production-2\/\" \/>\n<meta property=\"og:locale\" content=\"en_US\" \/>\n<meta property=\"og:type\" content=\"article\" \/>\n<meta property=\"og:title\" content=\"Feed production - Agri Plus\" \/>\n<meta property=\"og:description\" content=\"Feed production The main activity profile of Agri Plus Sp. z o. o. of the Feed Department in Pozna\u0144 is the production and distribution of complete feed mixes. The high quality of components, modern machinery and recipes that take into account the latest trends in nutrition allow us to obtain the highest quality product, guaranteeing [&hellip;]\" \/>\n<meta property=\"og:url\" content=\"https:\/\/www.agriplus.pl\/en\/feed-production-2\/\" \/>\n<meta property=\"og:site_name\" content=\"Agri Plus\" \/>\n<meta property=\"article:modified_time\" content=\"2023-11-15T11:07:07+00:00\" \/>\n<meta property=\"og:image\" content=\"https:\/\/www.agriplus.pl\/wp-content\/uploads\/2023\/01\/produkcja-pasz-glowne.jpg\" \/>\n\t<meta property=\"og:image:width\" content=\"1500\" \/>\n\t<meta property=\"og:image:height\" content=\"500\" \/>\n\t<meta property=\"og:image:type\" content=\"image\/jpeg\" \/>\n<meta name=\"twitter:card\" content=\"summary_large_image\" \/>\n<script type=\"application\/ld+json\" class=\"yoast-schema-graph\">{\"@context\":\"https:\\\/\\\/schema.org\",\"@graph\":[{\"@type\":\"WebPage\",\"@id\":\"https:\\\/\\\/www.agriplus.pl\\\/en\\\/feed-production-2\\\/\",\"url\":\"https:\\\/\\\/www.agriplus.pl\\\/en\\\/feed-production-2\\\/\",\"name\":\"Feed production - Agri Plus\",\"isPartOf\":{\"@id\":\"https:\\\/\\\/www.agriplus.pl\\\/#website\"},\"primaryImageOfPage\":{\"@id\":\"https:\\\/\\\/www.agriplus.pl\\\/en\\\/feed-production-2\\\/#primaryimage\"},\"image\":{\"@id\":\"https:\\\/\\\/www.agriplus.pl\\\/en\\\/feed-production-2\\\/#primaryimage\"},\"thumbnailUrl\":\"https:\\\/\\\/www.agriplus.pl\\\/wp-content\\\/uploads\\\/2023\\\/01\\\/produkcja-pasz-glowne.jpg\",\"datePublished\":\"2014-09-19T11:41:49+00:00\",\"dateModified\":\"2023-11-15T11:07:07+00:00\",\"breadcrumb\":{\"@id\":\"https:\\\/\\\/www.agriplus.pl\\\/en\\\/feed-production-2\\\/#breadcrumb\"},\"inLanguage\":\"en-US\",\"potentialAction\":[{\"@type\":\"ReadAction\",\"target\":[\"https:\\\/\\\/www.agriplus.pl\\\/en\\\/feed-production-2\\\/\"]}]},{\"@type\":\"ImageObject\",\"inLanguage\":\"en-US\",\"@id\":\"https:\\\/\\\/www.agriplus.pl\\\/en\\\/feed-production-2\\\/#primaryimage\",\"url\":\"https:\\\/\\\/www.agriplus.pl\\\/wp-content\\\/uploads\\\/2023\\\/01\\\/produkcja-pasz-glowne.jpg\",\"contentUrl\":\"https:\\\/\\\/www.agriplus.pl\\\/wp-content\\\/uploads\\\/2023\\\/01\\\/produkcja-pasz-glowne.jpg\",\"width\":1500,\"height\":500},{\"@type\":\"BreadcrumbList\",\"@id\":\"https:\\\/\\\/www.agriplus.pl\\\/en\\\/feed-production-2\\\/#breadcrumb\",\"itemListElement\":[{\"@type\":\"ListItem\",\"position\":1,\"name\":\"Main page\",\"item\":\"https:\\\/\\\/www.agriplus.pl\\\/en\\\/\"},{\"@type\":\"ListItem\",\"position\":2,\"name\":\"Feed production\"}]},{\"@type\":\"WebSite\",\"@id\":\"https:\\\/\\\/www.agriplus.pl\\\/#website\",\"url\":\"https:\\\/\\\/www.agriplus.pl\\\/\",\"name\":\"Agri Plus\",\"description\":\"\",\"publisher\":{\"@id\":\"https:\\\/\\\/www.agriplus.pl\\\/#organization\"},\"potentialAction\":[{\"@type\":\"SearchAction\",\"target\":{\"@type\":\"EntryPoint\",\"urlTemplate\":\"https:\\\/\\\/www.agriplus.pl\\\/?s={search_term_string}\"},\"query-input\":{\"@type\":\"PropertyValueSpecification\",\"valueRequired\":true,\"valueName\":\"search_term_string\"}}],\"inLanguage\":\"en-US\"},{\"@type\":\"Organization\",\"@id\":\"https:\\\/\\\/www.agriplus.pl\\\/#organization\",\"name\":\"Agri Plus\",\"url\":\"https:\\\/\\\/www.agriplus.pl\\\/\",\"logo\":{\"@type\":\"ImageObject\",\"inLanguage\":\"en-US\",\"@id\":\"https:\\\/\\\/www.agriplus.pl\\\/#\\\/schema\\\/logo\\\/image\\\/\",\"url\":\"https:\\\/\\\/www.agriplus.pl\\\/wp-content\\\/uploads\\\/2023\\\/01\\\/AgriPlus.webp\",\"contentUrl\":\"https:\\\/\\\/www.agriplus.pl\\\/wp-content\\\/uploads\\\/2023\\\/01\\\/AgriPlus.webp\",\"width\":300,\"height\":135,\"caption\":\"Agri Plus\"},\"image\":{\"@id\":\"https:\\\/\\\/www.agriplus.pl\\\/#\\\/schema\\\/logo\\\/image\\\/\"}}]}<\/script>\n<!-- \/ Yoast SEO plugin. -->","yoast_head_json":{"title":"Feed production - Agri Plus","robots":{"index":"index","follow":"follow","max-snippet":"max-snippet:-1","max-image-preview":"max-image-preview:large","max-video-preview":"max-video-preview:-1"},"canonical":"https:\/\/www.agriplus.pl\/en\/feed-production-2\/","og_locale":"en_US","og_type":"article","og_title":"Feed production - Agri Plus","og_description":"Feed production The main activity profile of Agri Plus Sp. z o. o. of the Feed Department in Pozna\u0144 is the production and distribution of complete feed mixes. The high quality of components, modern machinery and recipes that take into account the latest trends in nutrition allow us to obtain the highest quality product, guaranteeing [&hellip;]","og_url":"https:\/\/www.agriplus.pl\/en\/feed-production-2\/","og_site_name":"Agri Plus","article_modified_time":"2023-11-15T11:07:07+00:00","og_image":[{"width":1500,"height":500,"url":"https:\/\/www.agriplus.pl\/wp-content\/uploads\/2023\/01\/produkcja-pasz-glowne.jpg","type":"image\/jpeg"}],"twitter_card":"summary_large_image","schema":{"@context":"https:\/\/schema.org","@graph":[{"@type":"WebPage","@id":"https:\/\/www.agriplus.pl\/en\/feed-production-2\/","url":"https:\/\/www.agriplus.pl\/en\/feed-production-2\/","name":"Feed production - Agri Plus","isPartOf":{"@id":"https:\/\/www.agriplus.pl\/#website"},"primaryImageOfPage":{"@id":"https:\/\/www.agriplus.pl\/en\/feed-production-2\/#primaryimage"},"image":{"@id":"https:\/\/www.agriplus.pl\/en\/feed-production-2\/#primaryimage"},"thumbnailUrl":"https:\/\/www.agriplus.pl\/wp-content\/uploads\/2023\/01\/produkcja-pasz-glowne.jpg","datePublished":"2014-09-19T11:41:49+00:00","dateModified":"2023-11-15T11:07:07+00:00","breadcrumb":{"@id":"https:\/\/www.agriplus.pl\/en\/feed-production-2\/#breadcrumb"},"inLanguage":"en-US","potentialAction":[{"@type":"ReadAction","target":["https:\/\/www.agriplus.pl\/en\/feed-production-2\/"]}]},{"@type":"ImageObject","inLanguage":"en-US","@id":"https:\/\/www.agriplus.pl\/en\/feed-production-2\/#primaryimage","url":"https:\/\/www.agriplus.pl\/wp-content\/uploads\/2023\/01\/produkcja-pasz-glowne.jpg","contentUrl":"https:\/\/www.agriplus.pl\/wp-content\/uploads\/2023\/01\/produkcja-pasz-glowne.jpg","width":1500,"height":500},{"@type":"BreadcrumbList","@id":"https:\/\/www.agriplus.pl\/en\/feed-production-2\/#breadcrumb","itemListElement":[{"@type":"ListItem","position":1,"name":"Main page","item":"https:\/\/www.agriplus.pl\/en\/"},{"@type":"ListItem","position":2,"name":"Feed production"}]},{"@type":"WebSite","@id":"https:\/\/www.agriplus.pl\/#website","url":"https:\/\/www.agriplus.pl\/","name":"Agri Plus","description":"","publisher":{"@id":"https:\/\/www.agriplus.pl\/#organization"},"potentialAction":[{"@type":"SearchAction","target":{"@type":"EntryPoint","urlTemplate":"https:\/\/www.agriplus.pl\/?s={search_term_string}"},"query-input":{"@type":"PropertyValueSpecification","valueRequired":true,"valueName":"search_term_string"}}],"inLanguage":"en-US"},{"@type":"Organization","@id":"https:\/\/www.agriplus.pl\/#organization","name":"Agri Plus","url":"https:\/\/www.agriplus.pl\/","logo":{"@type":"ImageObject","inLanguage":"en-US","@id":"https:\/\/www.agriplus.pl\/#\/schema\/logo\/image\/","url":"https:\/\/www.agriplus.pl\/wp-content\/uploads\/2023\/01\/AgriPlus.webp","contentUrl":"https:\/\/www.agriplus.pl\/wp-content\/uploads\/2023\/01\/AgriPlus.webp","width":300,"height":135,"caption":"Agri Plus"},"image":{"@id":"https:\/\/www.agriplus.pl\/#\/schema\/logo\/image\/"}}]}},"uagb_featured_image_src":{"full":["https:\/\/www.agriplus.pl\/wp-content\/uploads\/2023\/01\/produkcja-pasz-glowne.jpg",1500,500,false],"thumbnail":["https:\/\/www.agriplus.pl\/wp-content\/uploads\/2023\/01\/produkcja-pasz-glowne-150x150.jpg",150,150,true],"medium":["https:\/\/www.agriplus.pl\/wp-content\/uploads\/2023\/01\/produkcja-pasz-glowne-300x100.jpg",300,100,true],"medium_large":["https:\/\/www.agriplus.pl\/wp-content\/uploads\/2023\/01\/produkcja-pasz-glowne-768x256.jpg",768,256,true],"large":["https:\/\/www.agriplus.pl\/wp-content\/uploads\/2023\/01\/produkcja-pasz-glowne-1024x341.jpg",1024,341,true],"1536x1536":["https:\/\/www.agriplus.pl\/wp-content\/uploads\/2023\/01\/produkcja-pasz-glowne.jpg",1500,500,false],"2048x2048":["https:\/\/www.agriplus.pl\/wp-content\/uploads\/2023\/01\/produkcja-pasz-glowne.jpg",1500,500,false]},"uagb_author_info":{"display_name":"\u0141ukasz","author_link":"https:\/\/www.agriplus.pl\/en\/author\/lsnopek\/"},"uagb_comment_info":0,"uagb_excerpt":"Feed production The main activity profile of Agri Plus Sp. z o. o. of the Feed Department in Pozna\u0144 is the production and distribution of complete feed mixes. The high quality of components, modern machinery and recipes that take into account the latest trends in nutrition allow us to obtain the highest quality product, guaranteeing&hellip;","_links":{"self":[{"href":"https:\/\/www.agriplus.pl\/en\/wp-json\/wp\/v2\/pages\/8281","targetHints":{"allow":["GET"]}}],"collection":[{"href":"https:\/\/www.agriplus.pl\/en\/wp-json\/wp\/v2\/pages"}],"about":[{"href":"https:\/\/www.agriplus.pl\/en\/wp-json\/wp\/v2\/types\/page"}],"author":[{"embeddable":true,"href":"https:\/\/www.agriplus.pl\/en\/wp-json\/wp\/v2\/users\/1"}],"replies":[{"embeddable":true,"href":"https:\/\/www.agriplus.pl\/en\/wp-json\/wp\/v2\/comments?post=8281"}],"version-history":[{"count":5,"href":"https:\/\/www.agriplus.pl\/en\/wp-json\/wp\/v2\/pages\/8281\/revisions"}],"predecessor-version":[{"id":8607,"href":"https:\/\/www.agriplus.pl\/en\/wp-json\/wp\/v2\/pages\/8281\/revisions\/8607"}],"wp:featuredmedia":[{"embeddable":true,"href":"https:\/\/www.agriplus.pl\/en\/wp-json\/wp\/v2\/media\/7992"}],"wp:attachment":[{"href":"https:\/\/www.agriplus.pl\/en\/wp-json\/wp\/v2\/media?parent=8281"}],"curies":[{"name":"wp","href":"https:\/\/api.w.org\/{rel}","templated":true}]}}